{"id":12549,"date":"2015-07-04T10:40:02","date_gmt":"2015-07-04T15:40:02","guid":{"rendered":"http:\/\/www.figueroafinancial.com\/?page_id=12549"},"modified":"2016-06-20T16:00:05","modified_gmt":"2016-06-20T21:00:05","slug":"testimonios","status":"publish","type":"page","link":"https:\/\/www.figueroafinancial.com\/es\/contratame\/testimonios\/","title":{"rendered":"Testimonios"},"content":{"rendered":"<h2>Testimonios<\/h2>\n<p style=\"text-align: center;\"><strong><span style=\"color: #008000;\">\u201cDurante un divorcio dif\u00edcil y prolongado, busqu\u00e9 coaching financiero de Jos\u00e9 Figueroa, en un par de ocasiones diferentes.<\/span><\/strong><\/p>\n<p style=\"text-align: center;\"><strong><span style=\"color: #008000;\">Abri\u00f3 cada una de nuestras sesiones con oraci\u00f3n, espec\u00edfica a mi situaci\u00f3n actual. He encontrado que es sensible, amable y que est\u00e1 bien informado.<\/span><\/strong><\/p>\n<p style=\"text-align: center;\"><strong><span style=\"color: #008000;\">El prepar\u00f3 un resumen financiero profundo para m\u00ed, incluyendo, presupuesto, ahorros, inversiones, planificaci\u00f3n a largo plazo y la preparaci\u00f3n de un testamento.<\/span><\/strong><\/p>\n<p style=\"text-align: center;\"><strong><span style=\"color: #008000;\">\u00a1Yo recomendar\u00eda a Jos\u00e9 para cualquier persona que necesite coaching financiero!\u201d<\/span><\/strong><\/p>\n<p style=\"text-align: center;\"><strong><span style=\"color: #008000;\">\u00abJos\u00e9 nos ayud\u00f3 durante un tiempo muy dif\u00edcil en nuestras vidas. Nos dio grandes consejos y herramientas para ayudarnos a regresar al camino correcto. Fue muy honesto y claro con un plan que iba a trabajar para nosotros. Confiamos que har\u00e1 lo mismo para ti.\u00bb<\/span><\/strong><\/p>\n<p style=\"text-align: center;\"><em><a title=\"\u00a1\u00a1\u00a1Comun\u00edcate conmigo hoy mismo!!!\" href=\"http:\/\/www.figueroafinancial.com\/es\/contratame\/\" target=\"_blank\"><img loading=\"lazy\" decoding=\"async\" class=\"aligncenter size-full wp-image-6637\" src=\"http:\/\/www.figueroafinancial.com\/wp-content\/uploads\/2010\/07\/Comunicate-Conmigo-CTA.jpg\" alt=\"Comunicate Conmigo\" width=\"225\" height=\"33\" \/><\/a><\/em><\/p>\n<p style=\"text-align: center;\"><strong><span style=\"color: #008000;\">\u00abHe tenido la oportunidad de leer y de seguir las recomendaciones que Jos\u00e9 ha puesto en su blog.<\/span><\/strong><\/p>\n<p style=\"text-align: center;\"><strong><span style=\"color: #008000;\">Tambi\u00e9n tuve la oportunidad de hablar con el. Encuentro a Jos\u00e9 como una persona totalmente profesional, id\u00f3nea y sensitiva a escuchar y ofrecer sus recomendaciones.<\/span><\/strong><\/p>\n<p style=\"text-align: center;\"><strong><span style=\"color: #008000;\">Tambi\u00e9n su website &#8216;Figueroa Financial&#8217; tiene much\u00edsimos recursos valiosos para quien quiera tener una vida financiera saludable.<\/span><\/strong><\/p>\n<p style=\"text-align: center;\"><strong><span style=\"color: #008000;\">Recomiendo a Jos\u00e9 y aunque pienso que cada caso es diferente sus ense\u00f1anzas son muy sencillas de entender y muy did\u00e1cticas y f\u00e1ciles de aplicar y poder ver los resultados que se esperan en la medida en que se sigan sus recomendaciones.<\/span><\/strong>\u00ab<\/p>\n","protected":false},"excerpt":{"rendered":"<p>Testimonios \u201cDurante un divorcio dif\u00edcil y prolongado, busqu\u00e9 coaching financiero de Jos\u00e9 Figueroa, en un par de ocasiones diferentes. Abri\u00f3 cada una de nuestras sesiones con oraci\u00f3n, espec\u00edfica a mi situaci\u00f3n actual. He encontrado que es sensible, amable y que est\u00e1 bien informado. El prepar\u00f3 un resumen financiero profundo para m\u00ed, incluyendo, presupuesto, ahorros, inversiones, [&hellip;]<\/p>\n","protected":false},"author":1,"featured_media":0,"parent":5347,"menu_order":1,"comment_status":"open","ping_status":"open","template":"","meta":{"site-sidebar-layout":"default","site-content-layout":"","ast-site-content-layout":"default","site-content-style":"default","site-sidebar-style":"default","ast-global-header-display":"","ast-banner-title-visibility":"","ast-main-header-display":"","ast-hfb-above-header-display":"","ast-hfb-below-header-display":"","ast-hfb-mobile-header-display":"","site-post-title":"","ast-breadcrumbs-content":"","ast-featured-img":"","footer-sml-layout":"","ast-disable-related-posts":"","theme-transparent-header-meta":"","adv-header-id-meta":"","stick-header-meta":"","header-above-stick-meta":"","header-main-stick-meta":"","header-below-stick-meta":"","astra-migrate-meta-layouts":"default","ast-page-background-enabled":"default","ast-page-background-meta":{"desktop":{"background-color":"","background-image":"","background-repeat":"repeat","background-position":"center center","background-size":"auto","background-attachment":"scroll","background-type":"","background-media":"","overlay-type":"","overlay-color":"","overlay-opacity":"","overlay-gradient":""},"tablet":{"background-color":"","background-image":"","background-repeat":"repeat","background-position":"center center","background-size":"auto","background-attachment":"scroll","background-type":"","background-media":"","overlay-type":"","overlay-color":"","overlay-opacity":"","overlay-gradient":""},"mobile":{"background-color":"","background-image":"","background-repeat":"repeat","background-position":"center center","background-size":"auto","background-attachment":"scroll","background-type":"","background-media":"","overlay-type":"","overlay-color":"","overlay-opacity":"","overlay-gradient":""}},"ast-content-background-meta":{"desktop":{"background-color":"var(--ast-global-color-5)","background-image":"","background-repeat":"repeat","background-position":"center center","background-size":"auto","background-attachment":"scroll","background-type":"","background-media":"","overlay-type":"","overlay-color":"","overlay-opacity":"","overlay-gradient":""},"tablet":{"background-color":"var(--ast-global-color-5)","background-image":"","background-repeat":"repeat","background-position":"center center","background-size":"auto","background-attachment":"scroll","background-type":"","background-media":"","overlay-type":"","overlay-color":"","overlay-opacity":"","overlay-gradient":""},"mobile":{"background-color":"var(--ast-global-color-5)","background-image":"","background-repeat":"repeat","background-position":"center center","background-size":"auto","background-attachment":"scroll","background-type":"","background-media":"","overlay-type":"","overlay-color":"","overlay-opacity":"","overlay-gradient":""}},"footnotes":""},"class_list":["post-12549","page","type-page","status-publish","hentry"],"jetpack_sharing_enabled":true,"_links":{"self":[{"href":"https:\/\/www.figueroafinancial.com\/es\/wp-json\/wp\/v2\/pages\/12549","targetHints":{"allow":["GET"]}}],"collection":[{"href":"https:\/\/www.figueroafinancial.com\/es\/wp-json\/wp\/v2\/pages"}],"about":[{"href":"https:\/\/www.figueroafinancial.com\/es\/wp-json\/wp\/v2\/types\/page"}],"author":[{"embeddable":true,"href":"https:\/\/www.figueroafinancial.com\/es\/wp-json\/wp\/v2\/users\/1"}],"replies":[{"embeddable":true,"href":"https:\/\/www.figueroafinancial.com\/es\/wp-json\/wp\/v2\/comments?post=12549"}],"version-history":[{"count":4,"href":"https:\/\/www.figueroafinancial.com\/es\/wp-json\/wp\/v2\/pages\/12549\/revisions"}],"predecessor-version":[{"id":12829,"href":"https:\/\/www.figueroafinancial.com\/es\/wp-json\/wp\/v2\/pages\/12549\/revisions\/12829"}],"up":[{"embeddable":true,"href":"https:\/\/www.figueroafinancial.com\/es\/wp-json\/wp\/v2\/pages\/5347"}],"wp:attachment":[{"href":"https:\/\/www.figueroafinancial.com\/es\/wp-json\/wp\/v2\/media?parent=12549"}],"curies":[{"name":"wp","href":"https:\/\/api.w.org\/{rel}","templated":true}]}}