{"id":16967,"date":"2021-04-14T15:44:21","date_gmt":"2021-04-14T20:44:21","guid":{"rendered":"https:\/\/www.figueroafinancial.com\/?page_id=16967"},"modified":"2021-04-14T15:44:23","modified_gmt":"2021-04-14T20:44:23","slug":"problemas-con-tu-pago","status":"publish","type":"page","link":"https:\/\/www.figueroafinancial.com\/es\/problemas-con-tu-pago\/","title":{"rendered":"\u00bfProblemas Con tu Pago?"},"content":{"rendered":"\n<p>Nuestras disculpas si encontraste alg\u00fan problema para procesar tu pago.<\/p>\n\n\n\n<p>Por favor, complete la forma aqu\u00ed abajo y d\u00e9janos saber m\u00e1s detalles sobre el problema.<\/p>\n\n\n\n<p>Prometemos una resoluci\u00f3n rapida. Gracias por tu paciencia.<\/p>\n\n\n<p>[bestwebsoft_contact_form lang=es]<\/p>\n\n\n\n<h2 class=\"has-text-align-center wp-block-heading\">Figueroa Financial<\/h2>\n\n\n\n<p class=\"has-text-align-center\">5658 Blazing Star Rd.<br>Frisco, TX 75036-1702<br>Phone: (512) 917-7182<br>e-mail: <a href=\"mailto:jose.figueroa310@gmail.com\">jose.figueroa310@gmail.com<\/a><\/p>\n","protected":false},"excerpt":{"rendered":"<p>Nuestras disculpas si encontraste alg\u00fan problema para procesar tu pago. Por favor, complete la forma aqu\u00ed abajo y d\u00e9janos saber m\u00e1s detalles sobre el problema. Prometemos una resoluci\u00f3n rapida. Gracias por tu paciencia. Figueroa Financial 5658 Blazing Star Rd.Frisco, TX 75036-1702Phone: (512) 917-7182e-mail: jose.figueroa310@gmail.com<\/p>\n","protected":false},"author":1,"featured_media":0,"parent":0,"menu_order":0,"comment_status":"closed","ping_status":"closed","template":"","meta":{"site-sidebar-layout":"default","site-content-layout":"default","ast-site-content-layout":"default","site-content-style":"default","site-sidebar-style":"default","ast-global-header-display":"","ast-banner-title-visibility":"","ast-main-header-display":"","ast-hfb-above-header-display":"","ast-hfb-below-header-display":"","ast-hfb-mobile-header-display":"","site-post-title":"","ast-breadcrumbs-content":"","ast-featured-img":"","footer-sml-layout":"","ast-disable-related-posts":"","theme-transparent-header-meta":"default","adv-header-id-meta":"","stick-header-meta":"","header-above-stick-meta":"","header-main-stick-meta":"","header-below-stick-meta":"","astra-migrate-meta-layouts":"default","ast-page-background-enabled":"default","ast-page-background-meta":{"desktop":{"background-color":"","background-image":"","background-repeat":"repeat","background-position":"center center","background-size":"auto","background-attachment":"scroll","background-type":"","background-media":"","overlay-type":"","overlay-color":"","overlay-opacity":"","overlay-gradient":""},"tablet":{"background-color":"","background-image":"","background-repeat":"repeat","background-position":"center center","background-size":"auto","background-attachment":"scroll","background-type":"","background-media":"","overlay-type":"","overlay-color":"","overlay-opacity":"","overlay-gradient":""},"mobile":{"background-color":"","background-image":"","background-repeat":"repeat","background-position":"center center","background-size":"auto","background-attachment":"scroll","background-type":"","background-media":"","overlay-type":"","overlay-color":"","overlay-opacity":"","overlay-gradient":""}},"ast-content-background-meta":{"desktop":{"background-color":"var(--ast-global-color-5)","background-image":"","background-repeat":"repeat","background-position":"center center","background-size":"auto","background-attachment":"scroll","background-type":"","background-media":"","overlay-type":"","overlay-color":"","overlay-opacity":"","overlay-gradient":""},"tablet":{"background-color":"var(--ast-global-color-5)","background-image":"","background-repeat":"repeat","background-position":"center center","background-size":"auto","background-attachment":"scroll","background-type":"","background-media":"","overlay-type":"","overlay-color":"","overlay-opacity":"","overlay-gradient":""},"mobile":{"background-color":"var(--ast-global-color-5)","background-image":"","background-repeat":"repeat","background-position":"center center","background-size":"auto","background-attachment":"scroll","background-type":"","background-media":"","overlay-type":"","overlay-color":"","overlay-opacity":"","overlay-gradient":""}},"footnotes":""},"class_list":["post-16967","page","type-page","status-publish","hentry"],"jetpack_sharing_enabled":true,"_links":{"self":[{"href":"https:\/\/www.figueroafinancial.com\/es\/wp-json\/wp\/v2\/pages\/16967","targetHints":{"allow":["GET"]}}],"collection":[{"href":"https:\/\/www.figueroafinancial.com\/es\/wp-json\/wp\/v2\/pages"}],"about":[{"href":"https:\/\/www.figueroafinancial.com\/es\/wp-json\/wp\/v2\/types\/page"}],"author":[{"embeddable":true,"href":"https:\/\/www.figueroafinancial.com\/es\/wp-json\/wp\/v2\/users\/1"}],"replies":[{"embeddable":true,"href":"https:\/\/www.figueroafinancial.com\/es\/wp-json\/wp\/v2\/comments?post=16967"}],"version-history":[{"count":3,"href":"https:\/\/www.figueroafinancial.com\/es\/wp-json\/wp\/v2\/pages\/16967\/revisions"}],"predecessor-version":[{"id":16972,"href":"https:\/\/www.figueroafinancial.com\/es\/wp-json\/wp\/v2\/pages\/16967\/revisions\/16972"}],"wp:attachment":[{"href":"https:\/\/www.figueroafinancial.com\/es\/wp-json\/wp\/v2\/media?parent=16967"}],"curies":[{"name":"wp","href":"https:\/\/api.w.org\/{rel}","templated":true}]}}