{"id":5312,"date":"2010-07-17T12:02:31","date_gmt":"2010-07-17T17:02:31","guid":{"rendered":"http:\/\/www.figueroafinancial.com\/?page_id=5312"},"modified":"2021-04-21T16:33:02","modified_gmt":"2021-04-21T21:33:02","slug":"mision","status":"publish","type":"page","link":"https:\/\/www.figueroafinancial.com\/es\/mision\/","title":{"rendered":"Misi\u00f3n"},"content":{"rendered":"\n<div class=\"wp-block-media-text alignwide is-stacked-on-mobile\" style=\"grid-template-columns:26% auto\"><figure class=\"wp-block-media-text__media\"><img loading=\"lazy\" decoding=\"async\" width=\"1024\" height=\"931\" src=\"https:\/\/www.figueroafinancial.com\/wp-content\/uploads\/2021\/04\/081C28-1-1024x931.png\" alt=\"\" class=\"wp-image-17047 size-full\" srcset=\"https:\/\/www.figueroafinancial.com\/wp-content\/uploads\/2021\/04\/081C28-1-1024x931.png 1024w, https:\/\/www.figueroafinancial.com\/wp-content\/uploads\/2021\/04\/081C28-1-300x273.png 300w, https:\/\/www.figueroafinancial.com\/wp-content\/uploads\/2021\/04\/081C28-1-768x699.png 768w, https:\/\/www.figueroafinancial.com\/wp-content\/uploads\/2021\/04\/081C28-1-330x300.png 330w, https:\/\/www.figueroafinancial.com\/wp-content\/uploads\/2021\/04\/081C28-1.png 1493w\" sizes=\"auto, (max-width: 1024px) 100vw, 1024px\" \/><\/figure><div class=\"wp-block-media-text__content\">\n<p class=\"has-text-align-center has-vivid-cyan-blue-color has-text-color has-normal-font-size\"><em><strong>Proveer servicios de coaching&nbsp;financiero basados en la Biblia, brindando ayuda y esperanza a tu situaci\u00f3n particular.<\/strong><\/em><\/p>\n<\/div><\/div>\n\n\n\n<p class=\"has-vivid-cyan-blue-color has-text-color\"><strong>Yo voy a:<\/strong><\/p>\n\n\n\n<ul class=\"wp-block-list\"><li>Ayudarte a entender tu situaci\u00f3n financiera actual.<\/li><li>Ofrecerte informaci\u00f3n y educaci\u00f3n basada en principios b\u00edblicos para el manejo de las finanzas.<\/li><li>Proveerte recomendaciones espec\u00edficas para hacer los cambios necesarios para obtener el control de tus finanzas.<\/li><li>Inyectar esperanza en tu situaci\u00f3n particular a ayudarte a comenzar a caminar en paz financiera.<\/li><li>Proveer excelentes servicios con la m\u00e1xima confidencialidad.<\/li><\/ul>\n\n\n\n<p class=\"has-text-align-center has-vivid-cyan-blue-color has-text-color\"><em><strong>\u00abLos planes fracasan por falta de consejos, pero triunfan cuando hay muchos consejeros.\u00bb<\/strong><\/em><br><em><strong>Proverbios 15:22 (RVC)<\/strong><\/em><\/p>\n","protected":false},"excerpt":{"rendered":"<p>Proveer servicios de coaching&nbsp;financiero basados en la Biblia, brindando ayuda y esperanza a tu situaci\u00f3n particular. Yo voy a: Ayudarte a entender tu situaci\u00f3n financiera actual. Ofrecerte informaci\u00f3n y educaci\u00f3n basada en principios b\u00edblicos para el manejo de las finanzas. Proveerte recomendaciones espec\u00edficas para hacer los cambios necesarios para obtener el control de tus finanzas. [&hellip;]<\/p>\n","protected":false},"author":1,"featured_media":0,"parent":0,"menu_order":0,"comment_status":"closed","ping_status":"closed","template":"","meta":{"site-sidebar-layout":"default","site-content-layout":"default","ast-site-content-layout":"default","site-content-style":"default","site-sidebar-style":"default","ast-global-header-display":"","ast-banner-title-visibility":"","ast-main-header-display":"","ast-hfb-above-header-display":"","ast-hfb-below-header-display":"","ast-hfb-mobile-header-display":"","site-post-title":"","ast-breadcrumbs-content":"","ast-featured-img":"","footer-sml-layout":"","ast-disable-related-posts":"","theme-transparent-header-meta":"default","adv-header-id-meta":"","stick-header-meta":"","header-above-stick-meta":"","header-main-stick-meta":"","header-below-stick-meta":"","astra-migrate-meta-layouts":"default","ast-page-background-enabled":"default","ast-page-background-meta":{"desktop":{"background-color":"","background-image":"","background-repeat":"repeat","background-position":"center center","background-size":"auto","background-attachment":"scroll","background-type":"","background-media":"","overlay-type":"","overlay-color":"","overlay-opacity":"","overlay-gradient":""},"tablet":{"background-color":"","background-image":"","background-repeat":"repeat","background-position":"center center","background-size":"auto","background-attachment":"scroll","background-type":"","background-media":"","overlay-type":"","overlay-color":"","overlay-opacity":"","overlay-gradient":""},"mobile":{"background-color":"","background-image":"","background-repeat":"repeat","background-position":"center center","background-size":"auto","background-attachment":"scroll","background-type":"","background-media":"","overlay-type":"","overlay-color":"","overlay-opacity":"","overlay-gradient":""}},"ast-content-background-meta":{"desktop":{"background-color":"var(--ast-global-color-5)","background-image":"","background-repeat":"repeat","background-position":"center center","background-size":"auto","background-attachment":"scroll","background-type":"","background-media":"","overlay-type":"","overlay-color":"","overlay-opacity":"","overlay-gradient":""},"tablet":{"background-color":"var(--ast-global-color-5)","background-image":"","background-repeat":"repeat","background-position":"center center","background-size":"auto","background-attachment":"scroll","background-type":"","background-media":"","overlay-type":"","overlay-color":"","overlay-opacity":"","overlay-gradient":""},"mobile":{"background-color":"var(--ast-global-color-5)","background-image":"","background-repeat":"repeat","background-position":"center center","background-size":"auto","background-attachment":"scroll","background-type":"","background-media":"","overlay-type":"","overlay-color":"","overlay-opacity":"","overlay-gradient":""}},"footnotes":""},"class_list":["post-5312","page","type-page","status-publish","hentry"],"jetpack_sharing_enabled":true,"_links":{"self":[{"href":"https:\/\/www.figueroafinancial.com\/es\/wp-json\/wp\/v2\/pages\/5312","targetHints":{"allow":["GET"]}}],"collection":[{"href":"https:\/\/www.figueroafinancial.com\/es\/wp-json\/wp\/v2\/pages"}],"about":[{"href":"https:\/\/www.figueroafinancial.com\/es\/wp-json\/wp\/v2\/types\/page"}],"author":[{"embeddable":true,"href":"https:\/\/www.figueroafinancial.com\/es\/wp-json\/wp\/v2\/users\/1"}],"replies":[{"embeddable":true,"href":"https:\/\/www.figueroafinancial.com\/es\/wp-json\/wp\/v2\/comments?post=5312"}],"version-history":[{"count":5,"href":"https:\/\/www.figueroafinancial.com\/es\/wp-json\/wp\/v2\/pages\/5312\/revisions"}],"predecessor-version":[{"id":17050,"href":"https:\/\/www.figueroafinancial.com\/es\/wp-json\/wp\/v2\/pages\/5312\/revisions\/17050"}],"wp:attachment":[{"href":"https:\/\/www.figueroafinancial.com\/es\/wp-json\/wp\/v2\/media?parent=5312"}],"curies":[{"name":"wp","href":"https:\/\/api.w.org\/{rel}","templated":true}]}}