{"id":5324,"date":"2013-06-12T19:57:49","date_gmt":"2013-06-13T00:57:49","guid":{"rendered":"http:\/\/www.figueroafinancial.com\/?page_id=5324"},"modified":"2021-04-21T15:44:50","modified_gmt":"2021-04-21T20:44:50","slug":"nuevo-aqui","status":"publish","type":"page","link":"https:\/\/www.figueroafinancial.com\/es\/","title":{"rendered":"Inicio"},"content":{"rendered":"<p><span style=\"color: #008000;\"><em><strong>\u00a1Bienvenido a Figueroa Financial!<\/strong><\/em><\/span> \u00a1Gracias por tu visita! Quiero darte una idea del contenido que puedes encontrar aqu\u00ed.<\/p>\n<p>Mi <a title=\"Misi\u00f3n\" href=\"http:\/\/www.figueroafinancial.com\/es\/mision\/\"><em>misi\u00f3n<\/em> <\/a>y pasi\u00f3n es ayudarte a ganar con tus finanzas para que puedas ser una bendici\u00f3n para tu familia y para otros. \u00bfEs posible? <span style=\"color: #008000;\"><strong>\u00a1S\u00ed!<\/strong><\/span><\/p>\n<p>S\u00e9 que esto puede ocurrir debido a que en un per\u00edodo de menos de <a title=\"Problemas con el dinero? He estado ahi, te puedo ayudar.\" href=\"figueroafinancial.com\/2013\/01\/04\/problemas-con-el-manejo-del-dinero-he-estado-ahi-te-puedo-ayudar\/\">2.5 a\u00f1os<\/a> mi esposa y yo pudimos eliminar casi <span style=\"color: #008000;\"><strong>$50K<\/strong><\/span> en deudas de consumidor, ahorrar una reserva de emergencia de <span style=\"color: #008000;\"><strong>6 meses<\/strong><\/span>.<\/p>\n<p>Tambi\u00e9n logramos\u00a0pagar por la <span style=\"color: #008000;\"><em><strong>educaci\u00f3n universitaria<\/strong> <\/em><\/span>de nuestro hijo sin tomar dinero prestado, y establecer un plan estructurado de ahorro para nuestro <span style=\"color: #008000;\"><strong><em>retiro<\/em><\/strong><\/span>.<\/p>\n<p>Lo m\u00e1s\u00a0\u00a0importante es que estamos\u00a0<span style=\"color: #008000;\"><em><strong>honrando a Dios<\/strong><\/em><\/span>\u00a0con todo lo que nos ha encomendado.<\/p>\n<p>A continuaci\u00f3n puede encontrar m\u00e1s informaci\u00f3n que te ayudar\u00e1 a aprender sobre lo que puedes esperar de este sitio.<\/p>\n<h2>Acerca de<\/h2>\n<ul>\n<li>Para darte una idea de qui\u00e9n soy y c\u00f3mo empec\u00e9 en el campo de coaching de finanzas personales, haz clic en la p\u00e1gina \u00ab<a title=\"Acerca de\" href=\"http:\/\/www.figueroafinancial.com\/es\/acerca-de\/\">Acerca de<\/a>\u00ab.<\/li>\n<li>Puedes ir a las p\u00e1ginas de \u00ab<a title=\"Coaching Financiero\" href=\"http:\/\/www.figueroafinancial.com\/es\/contratame\/coaching-financiero\/\">Coaching Financiero<\/a>\u00bb y \u00ab<a title=\"Seminarios Financieros\" href=\"http:\/\/www.figueroafinancial.com\/es\/contratame\/seminarios-financieros\/\">Seminarios Financieros<\/a>\u00bb bajo el men\u00fa \u00ab<a title=\"Contr\u00e1tame\" href=\"http:\/\/www.figueroafinancial.com\/es\/contratame\/\">Trabaja Conmigo<\/a>\u00bb para ver una descripci\u00f3n general de mis servicios.<\/li>\n<li>Para recursos \u00fatiles adicionales para tu viaje hacia el bienestar econ\u00f3mico, puedes ir a las \u00a0p\u00e1ginas de\u00a0\u00ab<a title=\"Recursos\" href=\"http:\/\/www.figueroafinancial.com\/es\/recursos\/\">Recursos<\/a>\u00bb y\u00bb<a title=\"Libros Recomendados\" href=\"http:\/\/www.figueroafinancial.com\/es\/libros-recomendados\/\">Libros Recomendados<\/a>\u00ab.<\/li>\n<\/ul>\n<h2>Para hacer Contacto<\/h2>\n<ul>\n<li>Si est\u00e1s interesado en mi coaching financiero o mis seminarios financieros, ve a la p\u00e1gina \u00bb <a title=\"Contr\u00e1tame\" href=\"http:\/\/www.figueroafinancial.com\/es\/contratame\/\">Contr\u00e1tame<\/a>\u201d y completa un breve formulario para ponerte en contacto conmigo.<\/li>\n<\/ul>\n<h2>Podcast: Ayuda y Esperanza Para Tus Finanzas<\/h2>\n<p>Durante el 2013-2016 ofrec\u00ed el\u00a0<span style=\"color: #008000;\"><strong>Podcast<\/strong>\u201c<strong><em>Ayuda y Esperanza para Tus Finanzas<\/em><\/strong>\u201d<\/span>.<\/p>\n<p>Mi gran\u00a0<span style=\"color: #008000;\"><strong><em>pasi\u00f3n<\/em><\/strong><\/span>\u00a0es ayudarte a ganar con tu dinero, a tener gran \u00e9xito con tus finanzas. Y ese era \u00a0el tema de este Podcast: ofrecerte ayuda y esperanza para tus finanzas. Hay m\u00e1s de <span style=\"color: #008000;\"><strong>100<\/strong><\/span> episodios disponibles.<\/p>\n<p>En el Podcast comparto\u00a0contigo consejos y ense\u00f1anzas basadas en lo que ha Dios ha provisto en Su Palabra para el manejo del dinero. Hablamos\u00a0sobre la clave para tu \u00e9xito financiero.<\/p>\n<p style=\"text-align: center;\"><strong><span style=\"color: #008000;\"><em>No te lo pierdas y recuerda que siempre hay \u00a1Ayuda y Esperanza para Tus Finanzas!<\/em><\/span><\/strong><\/p>\n<p style=\"text-align: center;\"><em><a title=\"Suscr\u00edbete al Podcast aqu\u00ed.\" href=\"itms:\/\/itunes.apple.com\/us\/podcast\/ayuda-y-esperanza-para-tus\/id717724952?mt=2\"><img loading=\"lazy\" decoding=\"async\" class=\"aligncenter size-full wp-image-6136\" src=\"http:\/\/www.figueroafinancial.com\/wp-content\/uploads\/2013\/11\/Podcast-CTA-SM.jpg\" alt=\"Suscribete al Podcast\" width=\"200\" height=\"39\" \/><\/a><\/em><\/p>\n<h2>Blog de \u200b\u200bFinanzas Personales<\/h2>\n<p>Por un tiempo escrib\u00ed\u00a0un blog de \u200b\u200bfinanzas personales y esos art\u00edculos est\u00e1n disponibles en la pagina \u00abBlog\u00bb.<\/p>\n<p>A continuaci\u00f3n incluyo algunos ejemplos de art\u00edculos\u00a0previos.<\/p>\n<h3>Presupuesto<\/h3>\n<ul>\n<li><a title=\"5 Errores Presupuestarios Comunes\" href=\"http:\/\/www.figueroafinancial.com\/es\/2013\/06\/05\/5-errores-presupuestarios-comunes-2\/\"><span style=\"line-height: 13px;\">5 Errores Presupuestarios Comunes<\/span><\/a><\/li>\n<li><a title=\"La Receta para un Gran Presupuesto\" href=\"http:\/\/www.figueroafinancial.com\/es\/2013\/09\/18\/la-receta-para-un-gran-presupuesto\/\">La Receta Para un Gran Presupuesto<\/a><\/li>\n<\/ul>\n<h3>Eliminaci\u00f3n de Deudas<\/h3>\n<ul>\n<li><span style=\"line-height: 13px;\"><a title=\"\u00bfQu\u00e9 Sucede Despu\u00e9s que Sales de las Deudas?\" href=\"http:\/\/www.figueroafinancial.com\/es\/2013\/08\/28\/que-sucede-despues-que-sales-de-las-deudas\/\">\u00bfQu\u00e9 Sucede Despu\u00e9s que Sales de las Deudas?<\/a><br \/>\n<\/span><\/li>\n<li><a title=\"La Vida Despu\u00e9s de las Deudas: Construyendo tu Casa Financiera\" href=\"http:\/\/www.figueroafinancial.com\/es\/2013\/09\/03\/la-vida-despues-de-las-deudas-construyendo-tu-casa-financiera\/\">La Vida Despu\u00e9s de las Deudas: Construyendo tu Casa Financiera<\/a><\/li>\n<\/ul>\n<h3>Ahorros<\/h3>\n<ul>\n<li><span style=\"line-height: 13px;\"><a title=\"Las Bendiciones de Aprender a Ahorrar Dinero\" href=\"http:\/\/www.figueroafinancial.com\/es\/2013\/10\/15\/las-bendiciones-de-aprender-a-ahorrar-dinero-2\/\">Las Bendiciones de Aprender a Ahorrar Dinero<\/a><\/span><\/li>\n<li><a title=\"5 Maneras de Prevenir el Cierre de tus Finanzas\" href=\"http:\/\/www.figueroafinancial.com\/es\/2013\/10\/03\/5-maneras-de-prevenir-el-cierre-de-tus-finanzas\/\">5 Maneras de Prevenir el Cierre de tus Finanzas<\/a><\/li>\n<\/ul>\n<h3>Mayordom\u00eda<\/h3>\n<ul>\n<li><a title=\"Mis 15 Vers\u00edculos B\u00edblicos Favoritos Sobre La Administraci\u00f3n del Dinero\" href=\"http:\/\/www.figueroafinancial.com\/es\/2013\/08\/21\/mis-15-versiculos-biblicos-favoritos-sobre-la-administracion-del-dinero\/\"><span style=\"line-height: 13px;\">Mis 15 Vers\u00edculos B\u00edblicos Favoritos Sobre La Administraci\u00f3n del Dinero<\/span><\/a><\/li>\n<li><a title=\"La Vida Despu\u00e9s de las Deudas: Dejar que los Arboles Crezcan\" href=\"http:\/\/www.figueroafinancial.com\/es\/2013\/09\/07\/la-vida-despues-de-las-deudas-dejar-que-los-arboles-crezcan-2\/\">La Vida Despu\u00e9s de las Deudas: Dejar que los Arboles Crezcan<\/a><\/li>\n<\/ul>\n","protected":false},"excerpt":{"rendered":"<p>\u00a1Bienvenido a Figueroa Financial! \u00a1Gracias por tu visita! Quiero darte una idea del contenido que puedes encontrar aqu\u00ed. Mi misi\u00f3n y pasi\u00f3n es ayudarte a ganar con tus finanzas para que puedas ser una bendici\u00f3n para tu familia y para otros. \u00bfEs posible? \u00a1S\u00ed! S\u00e9 que esto puede ocurrir debido a que en un per\u00edodo [&hellip;]<\/p>\n","protected":false},"author":1,"featured_media":17036,"parent":0,"menu_order":2,"comment_status":"closed","ping_status":"closed","template":"","meta":{"site-sidebar-layout":"default","site-content-layout":"default","ast-site-content-layout":"default","site-content-style":"default","site-sidebar-style":"default","ast-global-header-display":"","ast-banner-title-visibility":"","ast-main-header-display":"","ast-hfb-above-header-display":"","ast-hfb-below-header-display":"","ast-hfb-mobile-header-display":"","site-post-title":"","ast-breadcrumbs-content":"","ast-featured-img":"","footer-sml-layout":"","ast-disable-related-posts":"","theme-transparent-header-meta":"default","adv-header-id-meta":"","stick-header-meta":"","header-above-stick-meta":"","header-main-stick-meta":"","header-below-stick-meta":"","astra-migrate-meta-layouts":"default","ast-page-background-enabled":"default","ast-page-background-meta":{"desktop":{"background-color":"","background-image":"","background-repeat":"repeat","background-position":"center center","background-size":"auto","background-attachment":"scroll","background-type":"","background-media":"","overlay-type":"","overlay-color":"","overlay-opacity":"","overlay-gradient":""},"tablet":{"background-color":"","background-image":"","background-repeat":"repeat","background-position":"center center","background-size":"auto","background-attachment":"scroll","background-type":"","background-media":"","overlay-type":"","overlay-color":"","overlay-opacity":"","overlay-gradient":""},"mobile":{"background-color":"","background-image":"","background-repeat":"repeat","background-position":"center center","background-size":"auto","background-attachment":"scroll","background-type":"","background-media":"","overlay-type":"","overlay-color":"","overlay-opacity":"","overlay-gradient":""}},"ast-content-background-meta":{"desktop":{"background-color":"var(--ast-global-color-5)","background-image":"","background-repeat":"repeat","background-position":"center center","background-size":"auto","background-attachment":"scroll","background-type":"","background-media":"","overlay-type":"","overlay-color":"","overlay-opacity":"","overlay-gradient":""},"tablet":{"background-color":"var(--ast-global-color-5)","background-image":"","background-repeat":"repeat","background-position":"center center","background-size":"auto","background-attachment":"scroll","background-type":"","background-media":"","overlay-type":"","overlay-color":"","overlay-opacity":"","overlay-gradient":""},"mobile":{"background-color":"var(--ast-global-color-5)","background-image":"","background-repeat":"repeat","background-position":"center center","background-size":"auto","background-attachment":"scroll","background-type":"","background-media":"","overlay-type":"","overlay-color":"","overlay-opacity":"","overlay-gradient":""}},"footnotes":""},"class_list":["post-5324","page","type-page","status-publish","has-post-thumbnail","hentry"],"jetpack_sharing_enabled":true,"_links":{"self":[{"href":"https:\/\/www.figueroafinancial.com\/es\/wp-json\/wp\/v2\/pages\/5324","targetHints":{"allow":["GET"]}}],"collection":[{"href":"https:\/\/www.figueroafinancial.com\/es\/wp-json\/wp\/v2\/pages"}],"about":[{"href":"https:\/\/www.figueroafinancial.com\/es\/wp-json\/wp\/v2\/types\/page"}],"author":[{"embeddable":true,"href":"https:\/\/www.figueroafinancial.com\/es\/wp-json\/wp\/v2\/users\/1"}],"replies":[{"embeddable":true,"href":"https:\/\/www.figueroafinancial.com\/es\/wp-json\/wp\/v2\/comments?post=5324"}],"version-history":[{"count":5,"href":"https:\/\/www.figueroafinancial.com\/es\/wp-json\/wp\/v2\/pages\/5324\/revisions"}],"predecessor-version":[{"id":17038,"href":"https:\/\/www.figueroafinancial.com\/es\/wp-json\/wp\/v2\/pages\/5324\/revisions\/17038"}],"wp:featuredmedia":[{"embeddable":true,"href":"https:\/\/www.figueroafinancial.com\/es\/wp-json\/wp\/v2\/media\/17036"}],"wp:attachment":[{"href":"https:\/\/www.figueroafinancial.com\/es\/wp-json\/wp\/v2\/media?parent=5324"}],"curies":[{"name":"wp","href":"https:\/\/api.w.org\/{rel}","templated":true}]}}