{"id":5337,"date":"2010-07-17T11:09:50","date_gmt":"2010-07-17T16:09:50","guid":{"rendered":"http:\/\/www.figueroafinancial.com\/?page_id=5337"},"modified":"2021-05-27T06:50:52","modified_gmt":"2021-05-27T11:50:52","slug":"acerca-de","status":"publish","type":"page","link":"https:\/\/www.figueroafinancial.com\/es\/acerca-de\/","title":{"rendered":"Acerca de"},"content":{"rendered":"<p><a href=\"https:\/\/www.figueroafinancial.com\/wp-content\/uploads\/2021\/03\/Jose-Figueroa-02.jpg\"><img loading=\"lazy\" decoding=\"async\" class=\"alignleft wp-image-16072 size-thumbnail\" src=\"https:\/\/www.figueroafinancial.com\/wp-content\/uploads\/2021\/03\/Jose-Figueroa-02-150x150.jpg\" alt=\"\" width=\"150\" height=\"150\" srcset=\"https:\/\/www.figueroafinancial.com\/wp-content\/uploads\/2021\/03\/Jose-Figueroa-02-150x150.jpg 150w, https:\/\/www.figueroafinancial.com\/wp-content\/uploads\/2021\/03\/Jose-Figueroa-02-300x300.jpg 300w, https:\/\/www.figueroafinancial.com\/wp-content\/uploads\/2021\/03\/Jose-Figueroa-02-144x144.jpg 144w, https:\/\/www.figueroafinancial.com\/wp-content\/uploads\/2021\/03\/Jose-Figueroa-02.jpg 499w\" sizes=\"auto, (max-width: 150px) 100vw, 150px\" \/><\/a>\u00a1Hola, soy<span style=\"color: #008000;\"><em><strong> Jos\u00e9 Figueroa<\/strong><\/em><\/span>!<\/p>\n<p>Soy un <span style=\"color: #008000;\"><em><strong>coach de finanzas personales cristiano<\/strong><\/em><\/span>.<\/p>\n<p>Ayudo a las familias ense\u00f1\u00e1ndoles c\u00f3mo conseguir el control de su dinero a trav\u00e9s de principios b\u00edblicos para que puedan so\u00f1ar de nuevo y tener esperanza acerca de su destino financiero.<\/p>\n<p>Mi\u00a0<a href=\"http:\/\/www.figueroafinancial.com\/es\/mision\/\"><em>misi\u00f3n<\/em>\u00a0<\/a>y pasi\u00f3n es ayudarte a ganar con tus finanzas para que puedas ser una bendici\u00f3n para tu familia y para otros.<\/p>\n<p>\u00bfEs posible?\u00a0<span style=\"color: #008000;\"><strong>\u00a1S\u00ed!\u00a0<\/strong><\/span>Yo s\u00e9 lo que es sentirse perdido y sin esperanza, pensando que no hay salida.<\/p>\n<p>Sin embargo, con la gracia de Dios y con mucha ayuda, he aprendido a ganar el control de mis finanzas.<\/p>\n<p>En un per\u00edodo de menos de\u00a0<span style=\"color: #008000;\"><strong>2.5 a\u00f1os<\/strong><\/span>\u00a0mi esposa Stacey y yo pudimos:<\/p>\n<ul>\n<li>Eliminar casi\u00a0<span style=\"color: #008000;\"><strong>$50K\u00a0<\/strong><\/span>en deudas de consumidor.<\/li>\n<li>Ahorrar una reserva de emergencia de\u00a0<strong><span style=\"color: #008000;\">6 meses<\/span>.<\/strong><\/li>\n<li>Logramos pagar por la<span style=\"color: #008000;\">\u00a0<\/span><strong><em><span style=\"color: #008000;\">educaci\u00f3n universitaria<\/span>\u00a0<\/em><\/strong>de nuestro hijo sin tomar dinero prestado.<\/li>\n<li>Establecer un plan estructurado de ahorro para nuestro\u00a0<span style=\"color: #008000;\"><strong><em>retiro<\/em><\/strong><\/span>.<\/li>\n<\/ul>\n<p>Lo m\u00e1s\u00a0\u00a0importante es que estamos\u00a0<span style=\"color: #008000;\"><strong><em>honrando a Dios<\/em><\/strong><\/span>\u00a0con todo lo que nos ha encomendado.<\/p>\n<p>S\u00e9 que puedo ayudarte a ti y tu familia.<\/p>\n<p style=\"text-align: center;\"><a title=\"\u00a1\u00a1\u00a1Comun\u00edcate conmigo hoy mismo!!!\" href=\"http:\/\/www.figueroafinancial.com\/es\/contratame\/\" target=\"_blank\" rel=\"noopener\"><img loading=\"lazy\" decoding=\"async\" class=\"size-full wp-image-6637 aligncenter\" src=\"http:\/\/www.figueroafinancial.com\/wp-content\/uploads\/2010\/07\/Comunicate-Conmigo-CTA.jpg\" alt=\"Comunicate Conmigo\" width=\"225\" height=\"33\" \/><\/a><\/p>\n<h2><strong>Informaci\u00f3n de Contacto<\/strong><\/h2>\n<p>Si est\u00e1s interesado en mi coaching financiero o mis seminarios financieros, ve a la p\u00e1gina \u201d<a href=\"http:\/\/www.figueroafinancial.com\/es\/contratame\/coaching-financiero\/\">Trabaja Conmigo<\/a>\u201d y completa un breve formulario para ponerte en contacto conmigo.<\/p>\n<ul>\n<li>Puedes ir a las p\u00e1ginas de \u201c<a href=\"http:\/\/www.figueroafinancial.com\/es\/contratame\/coaching-financiero\/\">Coaching Financiero<\/a>\u201d y \u201c<a href=\"http:\/\/www.figueroafinancial.com\/es\/contratame\/seminarios-financieros\/\">Seminarios Financieros<\/a>\u201d bajo el men\u00fa \u201c<a href=\"http:\/\/www.figueroafinancial.com\/es\/contratame\/\">Trabaja Conmigo<\/a>\u201d para ver una descripci\u00f3n general de mis servicios.<\/li>\n<\/ul>\n<h2><strong>Podcast<\/strong><\/h2>\n<p>Durante 2013-2017 estuve activo con el <span style=\"color: #008000;\"><strong>Podcast<\/strong> <\/span>\u201c<span style=\"color: #008000;\"><strong><em>Ayuda y Esperanza para Tus Finanzas<\/em><\/strong><\/span>\u201d. Grab\u00e9 m\u00e1s de 100 episodios.<\/p>\n<p>Mi gran\u00a0<span style=\"color: #008000;\"><strong><em>pasi\u00f3n<\/em><\/strong><\/span>\u00a0es ayudarte a ganar con tu dinero, a tener gran \u00e9xito con tus finanzas. Y ese era el tema del Podcast: ofrecerte ayuda y esperanza para tus finanzas.<\/p>\n<p>Comparto contigo consejos y ense\u00f1anzas basadas en lo que ha Dios ha provisto en Su Palabra para el manejo del dinero. Vamos a hablar sobre la clave para tu \u00e9xito financiero.<\/p>\n<p style=\"text-align: center;\"><span style=\"color: #008000;\"><strong><em>No te lo pierdas y recuerda que siempre hay \u00a1Ayuda y Esperanza para Tus Finanzas!<\/em><\/strong><\/span><\/p>\n<p style=\"text-align: center;\"><a title=\"Suscr\u00edbete al Podcast en iTunes.\" href=\"\/\/itunes.apple.com\/us\/podcast\/ayuda-y-esperanza-para-tus\/id717724952?mt=2\" target=\"_blank\" rel=\"noopener\"><img loading=\"lazy\" decoding=\"async\" class=\"aligncenter size-full wp-image-7023\" src=\"http:\/\/www.figueroafinancial.com\/wp-content\/uploads\/2014\/03\/Subscribe-to-Podcast-iTunes3.jpg\" alt=\"Suscr\u00edbete al Podcast en iTunes.\" width=\"225\" height=\"27\" \/><\/a><\/p>\n<h2><strong>Biograf\u00eda<\/strong><\/h2>\n<h3>Personal<\/h3>\n<p>Nac\u00ed y crec\u00ed en Puerto Rico, pero he estado viviendo en el estado de Texas por m\u00e1s de <strong><span style=\"color: #008000;\">30<\/span>\u00a0<\/strong>a\u00f1os. Despu\u00e9s de pasar tiempo en Houston y Austin, ahora estoy viviendo en el \u00e1rea de DFW.<\/p>\n<p>Me cas\u00e9 con mi hermosa novia Stacey en <span style=\"color: #008000;\"><strong>Marzo-2003<\/strong><\/span>. Vivimos en Frisco, Texas, y somos miembros de la Iglesia Stonebriar Community en Frisco.<\/p>\n<p>Tenemos un hijo adulto (Brent Jett) que tambi\u00e9n vive en DFW.<\/p>\n<h3 style=\"text-align: left;\">Educaci\u00f3n<\/h3>\n<ul>\n<li>Complet\u00e9 el \u00abPro Coaching Training\u00bb de Dave Ramsey (Enero-2014)<strong><span style=\"color: #008000;\">***<\/span><\/strong><\/li>\n<li>Complet\u00e9 el\u00a0<a href=\"http:\/\/www.daveramsey.com\/counselors\/home\/\">Dave Ramsey&#8217;s Counselor Training<\/a>\u00a0para coaching financiero (Abril-2010)<strong><span style=\"color: #008000;\">***<\/span><\/strong><\/li>\n<li>Coordin\u00e9 5 clases de Financial Peace University (FPU) (2008-09)<\/li>\n<li>PMI Project Management Professional (PMP &#8211; 2004)<\/li>\n<li>MS Software Engineering (UH Clear Lake &#8211; 1997)<\/li>\n<li>BS Computer Engineering (UPR &#8211; 1990)<\/li>\n<\/ul>\n<p><a title=\"\u00a1\u00a1\u00a1Comun\u00edcate conmigo hoy mismo!!!\" href=\"http:\/\/www.figueroafinancial.com\/es\/contratame\/\" target=\"_blank\" rel=\"noopener\"><img loading=\"lazy\" decoding=\"async\" class=\"size-full wp-image-6637 aligncenter\" src=\"http:\/\/www.figueroafinancial.com\/wp-content\/uploads\/2010\/07\/Comunicate-Conmigo-CTA.jpg\" alt=\"Comunicate Conmigo\" width=\"225\" height=\"33\" \/><\/a><\/p>\n<h3>\u00a0Experiencia Profesional<\/h3>\n<p>Despu\u00e9s de terminar la universidad en Puerto Rico, me mud\u00e9 a Houston, Texas en <strong><span style=\"color: #008000;\">1991<\/span><\/strong> para comenzar mi carrera como Ingeniero de Programaci\u00f3n con IBM Federal Systems.<\/p>\n<p>Tengo m\u00e1s de\u00a0<strong><span style=\"color: #008000;\">30<\/span>\u00a0<\/strong>a\u00f1os de experiencia en las Ingenier\u00eda de Programaci\u00f3n, Tecnolog\u00eda de Informaci\u00f3n y Administraci\u00f3n de Proyectos. He tenido el privilegio de trabajar para IBM, Motorola, Southwest Airlines y NTT DATA Services.<\/p>\n<p>Actualmente trabajo para <a href=\"https:\/\/modernsystems.oneadvanced.com\/\" target=\"_blank\" rel=\"noopener\">Advanced<\/a> en el rol de Administrador de Proyectos Senior.<\/p>\n<p style=\"text-align: center;\"><span style=\"color: #008000;\"><strong>***Nota<\/strong>: <\/span>La finalizaci\u00f3n del entrenamiento de consejer\u00eda financiera de \u00a0Dave Ramsey no crea una relaci\u00f3n de trabajo o de agencia, o le da a ning\u00fan consejero el derecho de hablar a nombre de Dave Ramsey o de su empresa, el Lampo Group, Inc., ni tampoco constituye un aval o recomendaci\u00f3n por parte de Dave Ramsey.<\/p>\n","protected":false},"excerpt":{"rendered":"<p>\u00a1Hola, soy Jos\u00e9 Figueroa! Soy un coach de finanzas personales cristiano. Ayudo a las familias ense\u00f1\u00e1ndoles c\u00f3mo conseguir el control de su dinero a trav\u00e9s de principios b\u00edblicos para que puedan so\u00f1ar de nuevo y tener esperanza acerca de su destino financiero. Mi\u00a0misi\u00f3n\u00a0y pasi\u00f3n es ayudarte a ganar con tus finanzas para que puedas ser [&hellip;]<\/p>\n","protected":false},"author":1,"featured_media":0,"parent":0,"menu_order":3,"comment_status":"closed","ping_status":"closed","template":"","meta":{"site-sidebar-layout":"default","site-content-layout":"default","ast-site-content-layout":"default","site-content-style":"default","site-sidebar-style":"default","ast-global-header-display":"","ast-banner-title-visibility":"","ast-main-header-display":"","ast-hfb-above-header-display":"","ast-hfb-below-header-display":"","ast-hfb-mobile-header-display":"","site-post-title":"","ast-breadcrumbs-content":"","ast-featured-img":"","footer-sml-layout":"","ast-disable-related-posts":"","theme-transparent-header-meta":"default","adv-header-id-meta":"","stick-header-meta":"","header-above-stick-meta":"","header-main-stick-meta":"","header-below-stick-meta":"","astra-migrate-meta-layouts":"default","ast-page-background-enabled":"default","ast-page-background-meta":{"desktop":{"background-color":"","background-image":"","background-repeat":"repeat","background-position":"center center","background-size":"auto","background-attachment":"scroll","background-type":"","background-media":"","overlay-type":"","overlay-color":"","overlay-opacity":"","overlay-gradient":""},"tablet":{"background-color":"","background-image":"","background-repeat":"repeat","background-position":"center center","background-size":"auto","background-attachment":"scroll","background-type":"","background-media":"","overlay-type":"","overlay-color":"","overlay-opacity":"","overlay-gradient":""},"mobile":{"background-color":"","background-image":"","background-repeat":"repeat","background-position":"center center","background-size":"auto","background-attachment":"scroll","background-type":"","background-media":"","overlay-type":"","overlay-color":"","overlay-opacity":"","overlay-gradient":""}},"ast-content-background-meta":{"desktop":{"background-color":"var(--ast-global-color-5)","background-image":"","background-repeat":"repeat","background-position":"center center","background-size":"auto","background-attachment":"scroll","background-type":"","background-media":"","overlay-type":"","overlay-color":"","overlay-opacity":"","overlay-gradient":""},"tablet":{"background-color":"var(--ast-global-color-5)","background-image":"","background-repeat":"repeat","background-position":"center center","background-size":"auto","background-attachment":"scroll","background-type":"","background-media":"","overlay-type":"","overlay-color":"","overlay-opacity":"","overlay-gradient":""},"mobile":{"background-color":"var(--ast-global-color-5)","background-image":"","background-repeat":"repeat","background-position":"center center","background-size":"auto","background-attachment":"scroll","background-type":"","background-media":"","overlay-type":"","overlay-color":"","overlay-opacity":"","overlay-gradient":""}},"footnotes":""},"class_list":["post-5337","page","type-page","status-publish","hentry"],"jetpack_sharing_enabled":true,"_links":{"self":[{"href":"https:\/\/www.figueroafinancial.com\/es\/wp-json\/wp\/v2\/pages\/5337","targetHints":{"allow":["GET"]}}],"collection":[{"href":"https:\/\/www.figueroafinancial.com\/es\/wp-json\/wp\/v2\/pages"}],"about":[{"href":"https:\/\/www.figueroafinancial.com\/es\/wp-json\/wp\/v2\/types\/page"}],"author":[{"embeddable":true,"href":"https:\/\/www.figueroafinancial.com\/es\/wp-json\/wp\/v2\/users\/1"}],"replies":[{"embeddable":true,"href":"https:\/\/www.figueroafinancial.com\/es\/wp-json\/wp\/v2\/comments?post=5337"}],"version-history":[{"count":5,"href":"https:\/\/www.figueroafinancial.com\/es\/wp-json\/wp\/v2\/pages\/5337\/revisions"}],"predecessor-version":[{"id":17077,"href":"https:\/\/www.figueroafinancial.com\/es\/wp-json\/wp\/v2\/pages\/5337\/revisions\/17077"}],"wp:attachment":[{"href":"https:\/\/www.figueroafinancial.com\/es\/wp-json\/wp\/v2\/media?parent=5337"}],"curies":[{"name":"wp","href":"https:\/\/api.w.org\/{rel}","templated":true}]}}