{"id":5347,"date":"2010-07-17T13:44:47","date_gmt":"2010-07-17T18:44:47","guid":{"rendered":"http:\/\/www.figueroafinancial.com\/?page_id=5347"},"modified":"2021-04-21T16:37:30","modified_gmt":"2021-04-21T21:37:30","slug":"contratame","status":"publish","type":"page","link":"https:\/\/www.figueroafinancial.com\/es\/contratame\/","title":{"rendered":"Trabaja Conmigo"},"content":{"rendered":"<p style=\"text-align: left;\"><a href=\"https:\/\/www.figueroafinancial.com\/wp-content\/uploads\/2013\/06\/Jose-Figueroa-Head-Shot-Small.jpg\"><img loading=\"lazy\" decoding=\"async\" class=\"alignleft wp-image-17029 \" src=\"https:\/\/www.figueroafinancial.com\/wp-content\/uploads\/2013\/06\/Jose-Figueroa-Head-Shot-Small-225x300.jpg\" alt=\"\" width=\"162\" height=\"216\" srcset=\"https:\/\/www.figueroafinancial.com\/wp-content\/uploads\/2013\/06\/Jose-Figueroa-Head-Shot-Small-225x300.jpg 225w, https:\/\/www.figueroafinancial.com\/wp-content\/uploads\/2013\/06\/Jose-Figueroa-Head-Shot-Small.jpg 306w\" sizes=\"auto, (max-width: 162px) 100vw, 162px\" \/><\/a><\/p>\n<p style=\"text-align: left;\">Tengo una pasi\u00f3n por ayudar a la gente a <span style=\"color: #008000;\"><em><strong>ganar el control sobre su dinero<\/strong><\/em><\/span>.<\/p>\n<p style=\"text-align: left;\">Entiendo por experiencia personal que la administraci\u00f3n de las finanzas puede ser dif\u00edcil y abrumadora.<\/p>\n<p style=\"text-align: left;\">Ve aqu\u00ed\u00a0c\u00f3mo mis servicios pueden ayudarte:<\/p>\n<p style=\"text-align: left;\"><span style=\"color: #008000;\"><em><strong>Coaching Financiero:<\/strong><\/em><\/span> Puedo <a title=\"Coaching Financiero\" href=\"http:\/\/www.figueroafinancial.com\/es\/contratame\/coaching-financiero\/\"><em>entrenarte<\/em> <\/a>en el proceso de elaborar un plan efectivo para ganar con tus finanzas. Siempre te voy a ofrecer informaci\u00f3n y educaci\u00f3n basada en principios b\u00edblicos para el manejo de las finanzas.<\/p>\n<p style=\"text-align: left;\">Si necesitas ayuda para establecer un presupuesto, crear una reserva de emergencia, o salir de la esclavitud de la deuda de los consumidores, p\u00f3nte en contacto conmigo hoy mismo.<\/p>\n<p style=\"text-align: left;\">Estoy a tu disposici\u00f3n para sesiones en persona en el \u00e1rea de <span style=\"color: #008000;\"><em><strong>Dallas \/ Fort Worth<\/strong><\/em><\/span> y para sesiones de larga distancia a trav\u00e9s del tel\u00e9fono o Zoom. El entrenamiento est\u00e1 disponible en <span style=\"color: #008000;\"><em><strong>Ingl\u00e9s<\/strong> <\/em><\/span>y <span style=\"color: #008000;\"><strong>Espa\u00f1ol<\/strong><\/span>.<\/p>\n<p style=\"text-align: left;\"><span style=\"color: #008000;\"><em><strong>Seminarios Financieros:<\/strong><\/em><\/span> Nuestro <a title=\"Seminarios Financieros\" href=\"http:\/\/www.figueroafinancial.com\/es\/contratame\/seminarios-financieros\/\"><em>seminario financiero<\/em><\/a> de 9<strong><span style=\"color: #008000;\">\u00a0semanas<\/span><\/strong> es ideal para las iglesias. En el seminario se discuten los temas de c\u00f3mo vivir en un presupuesto, c\u00f3mo ahorrar dinero, y c\u00f3mo salir de las deudas.<\/p>\n<p style=\"text-align: left;\">La \u00faltima sesi\u00f3n hace un resumen total y concluye con el tema de dar y mayordom\u00eda.<\/p>\n<p style=\"text-align: left;\">Estoy a tu disposici\u00f3n para llevar a cabo el seminario en cualquier lugar en el \u00e1rea de <span style=\"color: #008000;\"><em><strong>Dallas \/ Fort Worth<\/strong><\/em><\/span>, ya sea en <strong><span style=\"color: #008000;\">Ingl\u00e9s<\/span> <\/strong>o <span style=\"color: #008000;\"><strong>Espa\u00f1ol<\/strong><\/span>.<\/p>\n<p style=\"text-align: left;\">Para solicitar m\u00e1s informaci\u00f3n acerca de mis servicios o para hacer una cita inicial sin costo alguno y sin obligaci\u00f3n, por favor completa el siguiente formulario:<\/p>\n<p style=\"text-align: center;\">[bestwebsoft_contact_form lang=es]<\/p>\n<h2 style=\"text-align: center;\">Figueroa Financial<\/h2>\n<p style=\"text-align: center;\">5658 Blazing Star Rd.<br \/>\nFrisco, TX 75036-1702<br \/>\nPhone: (512) 917-7182<br \/>\ne-mail: <a title=\"Contact me via e-mail!\" href=\"mailto:jose.figueroa310@gmail.com\">jose.figueroa310@gmail.com<\/a><\/p>\n","protected":false},"excerpt":{"rendered":"<p>Tengo una pasi\u00f3n por ayudar a la gente a ganar el control sobre su dinero. Entiendo por experiencia personal que la administraci\u00f3n de las finanzas puede ser dif\u00edcil y abrumadora. Ve aqu\u00ed\u00a0c\u00f3mo mis servicios pueden ayudarte: Coaching Financiero: Puedo entrenarte en el proceso de elaborar un plan efectivo para ganar con tus finanzas. Siempre te [&hellip;]<\/p>\n","protected":false},"author":1,"featured_media":0,"parent":0,"menu_order":4,"comment_status":"closed","ping_status":"closed","template":"","meta":{"site-sidebar-layout":"default","site-content-layout":"default","ast-site-content-layout":"default","site-content-style":"default","site-sidebar-style":"default","ast-global-header-display":"","ast-banner-title-visibility":"","ast-main-header-display":"","ast-hfb-above-header-display":"","ast-hfb-below-header-display":"","ast-hfb-mobile-header-display":"","site-post-title":"","ast-breadcrumbs-content":"","ast-featured-img":"","footer-sml-layout":"","ast-disable-related-posts":"","theme-transparent-header-meta":"default","adv-header-id-meta":"","stick-header-meta":"","header-above-stick-meta":"","header-main-stick-meta":"","header-below-stick-meta":"","astra-migrate-meta-layouts":"default","ast-page-background-enabled":"default","ast-page-background-meta":{"desktop":{"background-color":"","background-image":"","background-repeat":"repeat","background-position":"center center","background-size":"auto","background-attachment":"scroll","background-type":"","background-media":"","overlay-type":"","overlay-color":"","overlay-opacity":"","overlay-gradient":""},"tablet":{"background-color":"","background-image":"","background-repeat":"repeat","background-position":"center center","background-size":"auto","background-attachment":"scroll","background-type":"","background-media":"","overlay-type":"","overlay-color":"","overlay-opacity":"","overlay-gradient":""},"mobile":{"background-color":"","background-image":"","background-repeat":"repeat","background-position":"center center","background-size":"auto","background-attachment":"scroll","background-type":"","background-media":"","overlay-type":"","overlay-color":"","overlay-opacity":"","overlay-gradient":""}},"ast-content-background-meta":{"desktop":{"background-color":"var(--ast-global-color-5)","background-image":"","background-repeat":"repeat","background-position":"center center","background-size":"auto","background-attachment":"scroll","background-type":"","background-media":"","overlay-type":"","overlay-color":"","overlay-opacity":"","overlay-gradient":""},"tablet":{"background-color":"var(--ast-global-color-5)","background-image":"","background-repeat":"repeat","background-position":"center center","background-size":"auto","background-attachment":"scroll","background-type":"","background-media":"","overlay-type":"","overlay-color":"","overlay-opacity":"","overlay-gradient":""},"mobile":{"background-color":"var(--ast-global-color-5)","background-image":"","background-repeat":"repeat","background-position":"center center","background-size":"auto","background-attachment":"scroll","background-type":"","background-media":"","overlay-type":"","overlay-color":"","overlay-opacity":"","overlay-gradient":""}},"footnotes":""},"class_list":["post-5347","page","type-page","status-publish","hentry"],"jetpack_sharing_enabled":true,"_links":{"self":[{"href":"https:\/\/www.figueroafinancial.com\/es\/wp-json\/wp\/v2\/pages\/5347","targetHints":{"allow":["GET"]}}],"collection":[{"href":"https:\/\/www.figueroafinancial.com\/es\/wp-json\/wp\/v2\/pages"}],"about":[{"href":"https:\/\/www.figueroafinancial.com\/es\/wp-json\/wp\/v2\/types\/page"}],"author":[{"embeddable":true,"href":"https:\/\/www.figueroafinancial.com\/es\/wp-json\/wp\/v2\/users\/1"}],"replies":[{"embeddable":true,"href":"https:\/\/www.figueroafinancial.com\/es\/wp-json\/wp\/v2\/comments?post=5347"}],"version-history":[{"count":5,"href":"https:\/\/www.figueroafinancial.com\/es\/wp-json\/wp\/v2\/pages\/5347\/revisions"}],"predecessor-version":[{"id":17055,"href":"https:\/\/www.figueroafinancial.com\/es\/wp-json\/wp\/v2\/pages\/5347\/revisions\/17055"}],"wp:attachment":[{"href":"https:\/\/www.figueroafinancial.com\/es\/wp-json\/wp\/v2\/media?parent=5347"}],"curies":[{"name":"wp","href":"https:\/\/api.w.org\/{rel}","templated":true}]}}