{"id":5357,"date":"2010-07-17T12:47:39","date_gmt":"2010-07-17T17:47:39","guid":{"rendered":"http:\/\/www.figueroafinancial.com\/?page_id=5357"},"modified":"2021-03-04T16:13:13","modified_gmt":"2021-03-04T22:13:13","slug":"coaching-financiero","status":"publish","type":"page","link":"https:\/\/www.figueroafinancial.com\/es\/contratame\/coaching-financiero\/","title":{"rendered":"Coaching Financiero"},"content":{"rendered":"<p style=\"text-align: left;\"><a href=\"http:\/\/www.figueroafinancial.com\/wp-content\/uploads\/2010\/07\/Coaching-Financiero.jpg\"><img loading=\"lazy\" decoding=\"async\" class=\"aligncenter wp-image-6639\" src=\"http:\/\/www.figueroafinancial.com\/wp-content\/uploads\/2010\/07\/Coaching-Financiero.jpg\" alt=\"Coaching Financiero\" width=\"227\" height=\"155\" \/><\/a><\/p>\n<h2 style=\"text-align: left;\"><em>El Problema con el Dinero<\/em><\/h2>\n<p style=\"text-align: left;\">\u00bfEst\u00e1s\u00a0<span style=\"color: #008000;\"><em><strong>batallando con tus finanzas<\/strong><\/em><\/span>?<\/p>\n<p style=\"text-align: left;\">Si es as\u00ed, yo s\u00e9 c\u00f3mo te sientes porque <a title=\"Te Puedo Ayudar\" href=\"http:\/\/www.figueroafinancial.com\/2013\/01\/04\/problemas-con-el-manejo-del-dinero-he-estado-ahi-te-puedo-ayudar\/\" target=\"_blank\" rel=\"noopener\"><em>he estado ah\u00ed<\/em><\/a>.<\/p>\n<p style=\"text-align: left;\">Yo s\u00e9 lo que es sentirse perdido y sin esperanza, pensando que no hay salida.<\/p>\n<p style=\"text-align: left;\">Sin embargo, con la gracia de Dios y con mucha ayuda, he aprendido a ganar el control de mis finanzas.<\/p>\n<p style=\"text-align: left;\">En un per\u00edodo de menos de\u00a0<span style=\"color: #008000;\"><strong>2.5 a\u00f1os<\/strong><\/span>\u00a0mi esposa y yo pudimos:<\/p>\n<ul>\n<li style=\"text-align: left;\">Eliminar casi\u00a0<span style=\"color: #008000;\"><strong>$50K<\/strong><\/span>\u00a0en deudas de consumidor.<\/li>\n<li style=\"text-align: left;\">Ahorrar una reserva de emergencia de\u00a0<strong><span style=\"color: #008000;\">6 meses<\/span>.<\/strong><\/li>\n<li style=\"text-align: left;\">Logramos pagar por la <span style=\"color: #008000;\"><em><strong>educaci\u00f3n universitaria<\/strong><\/em><\/span> de nuestro hijo sin tomar dinero prestado.<\/li>\n<li style=\"text-align: left;\">Establecer un plan estructurado de ahorro para nuestro <span style=\"color: #008000;\"><em><strong>retiro<\/strong><\/em><\/span>.<\/li>\n<\/ul>\n<p style=\"text-align: left;\">Lo m\u00e1s\u00a0\u00a0importante es que estamos <span style=\"color: #008000;\"><em><strong>honrando a Dios<\/strong><\/em><\/span> con todo lo que nos ha encomendado.<\/p>\n<h2><em>La Soluci\u00f3n: Coaching Financiero<\/em><\/h2>\n<p style=\"text-align: left;\">Creo firmemente que <span style=\"color: #008000;\"><em><strong>todo el mund<\/strong><\/em><strong>o<\/strong><\/span> es capaz de tener \u00e9xito en el manejo de su dinero y, a veces es s\u00f3lo una cuesti\u00f3n de conseguir un poco de <span style=\"color: #008000;\"><em><strong>ayuda<\/strong><\/em><\/span>.<\/p>\n<p style=\"text-align: left;\">En nuestra cultura estamos muy acostumbrados a recibir ayuda de un entrenador \/ coach personal para ayudarnos a empezar un buen programa de ejercicios o pedir ayuda a un nutricionista para optimizar nuestra dieta.<\/p>\n<p style=\"text-align: left;\">\u00bfPodr\u00edas utilizar un poco de <span style=\"color: #008000;\"><em><strong>coaching financiero hoy<\/strong><\/em><\/span>? \u00a1No esperes m\u00e1s y actuar ahora para iniciar tu viaje hacia el bienestar financiero!<\/p>\n<p style=\"text-align: left;\">Como un <span style=\"color: #008000;\"><em><strong>coach financiero<\/strong><\/em><\/span>, siempre voy a ofrecerte informaci\u00f3n y educaci\u00f3n basada en <span style=\"color: #008000;\"><em><strong>principios b\u00edblicos<\/strong><\/em><\/span> para el manejo de las finanzas.<\/p>\n<p style=\"text-align: left;\">Yo puedo ayudarte a establecer un <span style=\"color: #008000;\"><em><strong>presupuesto<\/strong><\/em><\/span>, crear una <span style=\"color: #008000;\"><em><strong>reserva de emergencia<\/strong><\/em><\/span>, o salir de la esclavitud de las <span style=\"color: #008000;\"><em><strong>deudas de consumidor<\/strong><\/em><\/span>.<\/p>\n<p style=\"text-align: left;\">Puedo compartir contigo la manera de empezar a ahorrar para la <span style=\"color: #008000;\"><em><strong>universidad<\/strong> <\/em><\/span>y la <span style=\"color: #008000;\"><em><strong>jubilaci\u00f3n<\/strong><\/em><\/span>.<\/p>\n<p style=\"text-align: left;\">Quiero que tengas\u00a0<span style=\"color: #008000;\"><em><strong>esperanza<\/strong> <\/em><\/span>acerca de tu situaci\u00f3n financiera. Quiero que tu y tu familia para empezar a so\u00f1ar de nuevo.<\/p>\n<p style=\"text-align: left;\">Hay una manera de <strong><span style=\"color: #008000;\"><em>ganar con tu dinero<\/em><\/span><\/strong> y te puedo mostrar esa manera.<\/p>\n<p style=\"text-align: left;\"><em><a title=\"\u00a1\u00a1\u00a1Comun\u00edcate conmigo hoy mismo!!!\" href=\"http:\/\/www.figueroafinancial.com\/es\/contratame\/\" target=\"_blank\" rel=\"noopener\"><img loading=\"lazy\" decoding=\"async\" class=\"aligncenter size-full wp-image-6637\" src=\"http:\/\/www.figueroafinancial.com\/wp-content\/uploads\/2010\/07\/Comunicate-Conmigo-CTA.jpg\" alt=\"Comunicate Conmigo\" width=\"225\" height=\"33\" \/><\/a><\/em><\/p>\n<h2><em>\u00bfComo empezamos?<\/em><\/h2>\n<ul>\n<li><span style=\"line-height: 1.5em;\">El servicio de Coaching Financiero se ofrece en sesiones de <strong><span style=\"color: #008000;\">1 HR<\/span>.<\/strong><\/span><\/li>\n<li>Te voy a proveer un an\u00e1lisis detallado de tu situaci\u00f3n financiera.<\/li>\n<li>Te voy a proveer con recomendaciones espec\u00edficas.<\/li>\n<\/ul>\n<p style=\"text-align: center;\">Puedes revisar el proceso en m\u00e1s\u00a0detalle en\u00a0<a href=\"https:\/\/www.figueroafinancial.com\/wp-content\/uploads\/2021\/03\/Figueroa-Financial-Paquetes-de-Coaching-2021.pdf\" target=\"_blank\" rel=\"noopener\"><em>este documento<\/em><\/a>.<\/p>\n<h2><em>\u00a0\u00bfCu\u00e1nto cuesta?<\/em><\/h2>\n<p>Puede comprar las sesiones 1 HR individuales o puedes comprarlas en grupos de <strong><span style=\"color: #008000;\">3<\/span><\/strong> o <strong><span style=\"color: #008000;\">6<\/span><\/strong> sesiones.<\/p>\n<p>Ponte en contacto conmigo averiguar los detalles espec\u00edficos de precios.<\/p>\n<p style=\"text-align: center;\">Un\u00a0<span style=\"color: #008000;\"><em><strong>descuento del 15%<\/strong><\/em><\/span>\u00a0se ofrece a las madres solteras \/ viudas y al personal militar.<\/p>\n<h2><em>\u00bfC\u00f3mo interactuamos?<br \/>\n<\/em><\/h2>\n<ul>\n<li>Sesiones de coaching financiero en persona si resides en el \u00e1rea de <span style=\"color: #008000;\"><em><strong>DFW<\/strong><\/em><\/span>.<\/li>\n<li>Si vives fuera de <span style=\"color: #008000;\"><em><strong>DFW<\/strong><\/em><\/span>, podemos interactuar mediante sesiones de larga distancia a trav\u00e9s del tel\u00e9fono o Zoom.<\/li>\n<li>Coaching Financiero\u00a0est\u00e1 disponible en <span style=\"color: #008000;\"><em><strong>Ingl\u00e9s<\/strong> <\/em><\/span>y <strong><em><span style=\"color: #008000;\">Espa\u00f1ol<\/span><\/em>.<\/strong><\/li>\n<\/ul>\n<div>\n<p style=\"text-align: center;\"><span style=\"color: #008000;\"><em><strong>No esperes m\u00e1s para comenzar en tu viaje hacia el\u00a0bienestar financiero. \u00a1\u00a1\u00a1Te puedo ayudar!!!<\/strong><\/em><\/span><\/p>\n<p style=\"text-align: center;\"><em><a title=\"\u00a1\u00a1\u00a1Comun\u00edcate conmigo hoy mismo!!!\" href=\"http:\/\/www.figueroafinancial.com\/es\/contratame\/\" target=\"_blank\" rel=\"noopener\"><img loading=\"lazy\" decoding=\"async\" src=\"http:\/\/www.figueroafinancial.com\/wp-content\/uploads\/2010\/07\/Comunicate-Conmigo-CTA.jpg\" alt=\"Comunicate Conmigo\" width=\"225\" height=\"33\" \/><\/a><\/em><\/p>\n<\/div>\n","protected":false},"excerpt":{"rendered":"<p>El Problema con el Dinero \u00bfEst\u00e1s\u00a0batallando con tus finanzas? Si es as\u00ed, yo s\u00e9 c\u00f3mo te sientes porque he estado ah\u00ed. Yo s\u00e9 lo que es sentirse perdido y sin esperanza, pensando que no hay salida. Sin embargo, con la gracia de Dios y con mucha ayuda, he aprendido a ganar el control de mis [&hellip;]<\/p>\n","protected":false},"author":1,"featured_media":0,"parent":5347,"menu_order":1,"comment_status":"closed","ping_status":"closed","template":"","meta":{"site-sidebar-layout":"default","site-content-layout":"","ast-site-content-layout":"default","site-content-style":"default","site-sidebar-style":"default","ast-global-header-display":"","ast-banner-title-visibility":"","ast-main-header-display":"","ast-hfb-above-header-display":"","ast-hfb-below-header-display":"","ast-hfb-mobile-header-display":"","site-post-title":"","ast-breadcrumbs-content":"","ast-featured-img":"","footer-sml-layout":"","ast-disable-related-posts":"","theme-transparent-header-meta":"","adv-header-id-meta":"","stick-header-meta":"","header-above-stick-meta":"","header-main-stick-meta":"","header-below-stick-meta":"","astra-migrate-meta-layouts":"default","ast-page-background-enabled":"default","ast-page-background-meta":{"desktop":{"background-color":"","background-image":"","background-repeat":"repeat","background-position":"center center","background-size":"auto","background-attachment":"scroll","background-type":"","background-media":"","overlay-type":"","overlay-color":"","overlay-opacity":"","overlay-gradient":""},"tablet":{"background-color":"","background-image":"","background-repeat":"repeat","background-position":"center center","background-size":"auto","background-attachment":"scroll","background-type":"","background-media":"","overlay-type":"","overlay-color":"","overlay-opacity":"","overlay-gradient":""},"mobile":{"background-color":"","background-image":"","background-repeat":"repeat","background-position":"center center","background-size":"auto","background-attachment":"scroll","background-type":"","background-media":"","overlay-type":"","overlay-color":"","overlay-opacity":"","overlay-gradient":""}},"ast-content-background-meta":{"desktop":{"background-color":"var(--ast-global-color-5)","background-image":"","background-repeat":"repeat","background-position":"center center","background-size":"auto","background-attachment":"scroll","background-type":"","background-media":"","overlay-type":"","overlay-color":"","overlay-opacity":"","overlay-gradient":""},"tablet":{"background-color":"var(--ast-global-color-5)","background-image":"","background-repeat":"repeat","background-position":"center center","background-size":"auto","background-attachment":"scroll","background-type":"","background-media":"","overlay-type":"","overlay-color":"","overlay-opacity":"","overlay-gradient":""},"mobile":{"background-color":"var(--ast-global-color-5)","background-image":"","background-repeat":"repeat","background-position":"center center","background-size":"auto","background-attachment":"scroll","background-type":"","background-media":"","overlay-type":"","overlay-color":"","overlay-opacity":"","overlay-gradient":""}},"footnotes":""},"class_list":["post-5357","page","type-page","status-publish","hentry"],"jetpack_sharing_enabled":true,"_links":{"self":[{"href":"https:\/\/www.figueroafinancial.com\/es\/wp-json\/wp\/v2\/pages\/5357","targetHints":{"allow":["GET"]}}],"collection":[{"href":"https:\/\/www.figueroafinancial.com\/es\/wp-json\/wp\/v2\/pages"}],"about":[{"href":"https:\/\/www.figueroafinancial.com\/es\/wp-json\/wp\/v2\/types\/page"}],"author":[{"embeddable":true,"href":"https:\/\/www.figueroafinancial.com\/es\/wp-json\/wp\/v2\/users\/1"}],"replies":[{"embeddable":true,"href":"https:\/\/www.figueroafinancial.com\/es\/wp-json\/wp\/v2\/comments?post=5357"}],"version-history":[{"count":5,"href":"https:\/\/www.figueroafinancial.com\/es\/wp-json\/wp\/v2\/pages\/5357\/revisions"}],"predecessor-version":[{"id":16059,"href":"https:\/\/www.figueroafinancial.com\/es\/wp-json\/wp\/v2\/pages\/5357\/revisions\/16059"}],"up":[{"embeddable":true,"href":"https:\/\/www.figueroafinancial.com\/es\/wp-json\/wp\/v2\/pages\/5347"}],"wp:attachment":[{"href":"https:\/\/www.figueroafinancial.com\/es\/wp-json\/wp\/v2\/media?parent=5357"}],"curies":[{"name":"wp","href":"https:\/\/api.w.org\/{rel}","templated":true}]}}