{"id":5374,"date":"2011-01-09T14:08:32","date_gmt":"2011-01-09T20:08:32","guid":{"rendered":"http:\/\/www.figueroafinancial.com\/?page_id=5374"},"modified":"2021-04-21T16:41:04","modified_gmt":"2021-04-21T21:41:04","slug":"recursos","status":"publish","type":"page","link":"https:\/\/www.figueroafinancial.com\/es\/recursos\/","title":{"rendered":"Recursos"},"content":{"rendered":"<p style=\"text-align: left;\"><a href=\"https:\/\/www.figueroafinancial.com\/wp-content\/uploads\/2021\/04\/000000-1.png\"><img loading=\"lazy\" decoding=\"async\" class=\"alignleft wp-image-17059 \" src=\"https:\/\/www.figueroafinancial.com\/wp-content\/uploads\/2021\/04\/000000-1-300x273.png\" alt=\"\" width=\"251\" height=\"228\" srcset=\"https:\/\/www.figueroafinancial.com\/wp-content\/uploads\/2021\/04\/000000-1-300x273.png 300w, https:\/\/www.figueroafinancial.com\/wp-content\/uploads\/2021\/04\/000000-1-1024x931.png 1024w, https:\/\/www.figueroafinancial.com\/wp-content\/uploads\/2021\/04\/000000-1-768x699.png 768w, https:\/\/www.figueroafinancial.com\/wp-content\/uploads\/2021\/04\/000000-1-330x300.png 330w, https:\/\/www.figueroafinancial.com\/wp-content\/uploads\/2021\/04\/000000-1.png 1493w\" sizes=\"auto, (max-width: 251px) 100vw, 251px\" \/><\/a><\/p>\n<p>Estos son algunos recursos adicionales para ayudarte con su viaje hacia el bienestar financiero.<\/p>\n<p>Tambi\u00e9n puedes tener accesso a nuestras <a title=\"Formularios\" href=\"http:\/\/www.figueroafinancial.com\/es\/recursos\/formularios\/\"><em>formularios<\/em>\u00a0<\/a>y <a title=\"Referencias Adicionales\" href=\"http:\/\/www.figueroafinancial.com\/es\/recursos\/referencias-adicionales\/\"><em>referencias adicionales<\/em><\/a> haciendo clic en las opciones bajo el encabezado de \u00ab<strong>Recursos<\/strong>\u00ab.<\/p>\n<p style=\"text-align: center;\">\u00a1Siempre hay Ayuda y Esperanza para Tus Finanzas!<\/p>\n<h2 style=\"text-align: left;\">Podcast: Ayuda y Esperanza Para Tus Finanzas<\/h2>\n<p>Mi Podcast: \u201c<span style=\"color: #008000;\"><b><i>Ayuda y Esperanza para Tus Finanzas<\/i><\/b><\/span>\u201d est\u00e1\u00a0ahora disponible. Puedes buscar <a title=\"Podcast: Ayuda y Esperanza para Tus Finanzas\" href=\"http:\/\/www.figueroafinancial.com\/es\/podcast-ayuda-y-esperanza-para-tus-finanzas\/\"><em>m\u00e1s informaci\u00f3n aqu\u00ed<\/em><\/a>.<\/p>\n<h2 style=\"text-align: left;\">e-Books<\/h2>\n<ul>\n<li>\u00ab<span style=\"color: #008000;\"><em><strong>7 Principios para el \u00c9xito Financiero<\/strong><\/em><\/span>\u00ab:\u00a0En este libro, comparto contigo los 7 principios dado por Dios y que han sido comprobados por el tiempo para tener \u00e9xito con tus finanzas personales.\n<ul>\n<li>El e-book tambi\u00e9n est\u00e1 disponible en <strong><span style=\"color: #008000;\"><em>Ingl\u00e9s<\/em><\/span><\/strong>: \u00ab<strong><span style=\"color: #008000;\"><em>7 Principles for Financial Success<\/em><\/span><\/strong>\u00ab.<\/li>\n<\/ul>\n<\/li>\n<\/ul>\n<ul>\n<li>\u00ab<span style=\"color: #008000;\"><b><i>No M\u00edo, Ni Tuyo, Pero Nuestro<\/i><\/b><\/span>\u00ab: En mi nuevo libro, discuto como\u00a0llegar a la unidad financiera en su matrimonio, y juntos construir la vida que siempre han querido.\n<ul>\n<li>El e-book tambi\u00e9n est\u00e1 disponible en\u00a0<span style=\"color: #008000;\"><strong><em>Ingl\u00e9s<\/em><\/strong><\/span>: \u00ab<span style=\"color: #008000;\"><strong><em>Not Mine, Not Yours, But Ours<\/em><\/strong><\/span>\u00ab.<\/li>\n<\/ul>\n<\/li>\n<\/ul>\n<ul>\n<li>\u00ab<em><span style=\"color: #008000;\"><strong><span style=\"text-decoration: underline;\">\u00bfC\u00f3mo Qu\u00e9 No es Mi Dinero?<\/span><\/strong><\/span><\/em>\u00ab: La esencia de la mayordom\u00eda b\u00edblica.\n<ul>\n<li>El e-book tambi\u00e9n est\u00e1 disponible en\u00a0<span style=\"color: #008000;\"><strong><em>Ingl\u00e9s<\/em><\/strong><\/span>: \u00ab<span style=\"color: #008000;\"><em><strong>What Do you Mean is Not My Money?<\/strong><\/em><\/span>\u00ab.<\/li>\n<\/ul>\n<\/li>\n<\/ul>\n<p style=\"text-align: center;\"><a href=\"https:\/\/www.amazon.com\/~\/e\/B00C7WLPJ4\" target=\"_blank\" rel=\"noopener\">\u00a1C\u00f3mpralos en Amazon (Kindle \u00a0\/ Edici\u00f3n Impresa)<\/a><\/p>\n<p><noscript>&amp;lt;A HREF=\u00bbhttp:\/\/ws.amazon.com\/widgets\/q?ServiceVersion=20070822&amp;amp;#038;MarketPlace=US&amp;amp;#038;ID=V20070822%2FUS%2Ffiguerfinanc-20%2F8001%2F42e8d598-33b2-4fa8-bfb5-45818779b2d9&amp;amp;#038;Operation=NoScript\u00bb&amp;gt;Amazon.com Widgets&amp;lt;\/A&amp;gt;<\/noscript><\/p>\n","protected":false},"excerpt":{"rendered":"<p>Estos son algunos recursos adicionales para ayudarte con su viaje hacia el bienestar financiero. Tambi\u00e9n puedes tener accesso a nuestras formularios\u00a0y referencias adicionales haciendo clic en las opciones bajo el encabezado de \u00abRecursos\u00ab. \u00a1Siempre hay Ayuda y Esperanza para Tus Finanzas! Podcast: Ayuda y Esperanza Para Tus Finanzas Mi Podcast: \u201cAyuda y Esperanza para Tus [&hellip;]<\/p>\n","protected":false},"author":1,"featured_media":0,"parent":0,"menu_order":5,"comment_status":"closed","ping_status":"closed","template":"","meta":{"site-sidebar-layout":"default","site-content-layout":"default","ast-site-content-layout":"default","site-content-style":"default","site-sidebar-style":"default","ast-global-header-display":"","ast-banner-title-visibility":"","ast-main-header-display":"","ast-hfb-above-header-display":"","ast-hfb-below-header-display":"","ast-hfb-mobile-header-display":"","site-post-title":"","ast-breadcrumbs-content":"","ast-featured-img":"","footer-sml-layout":"","ast-disable-related-posts":"","theme-transparent-header-meta":"default","adv-header-id-meta":"","stick-header-meta":"","header-above-stick-meta":"","header-main-stick-meta":"","header-below-stick-meta":"","astra-migrate-meta-layouts":"default","ast-page-background-enabled":"default","ast-page-background-meta":{"desktop":{"background-color":"","background-image":"","background-repeat":"repeat","background-position":"center center","background-size":"auto","background-attachment":"scroll","background-type":"","background-media":"","overlay-type":"","overlay-color":"","overlay-opacity":"","overlay-gradient":""},"tablet":{"background-color":"","background-image":"","background-repeat":"repeat","background-position":"center center","background-size":"auto","background-attachment":"scroll","background-type":"","background-media":"","overlay-type":"","overlay-color":"","overlay-opacity":"","overlay-gradient":""},"mobile":{"background-color":"","background-image":"","background-repeat":"repeat","background-position":"center center","background-size":"auto","background-attachment":"scroll","background-type":"","background-media":"","overlay-type":"","overlay-color":"","overlay-opacity":"","overlay-gradient":""}},"ast-content-background-meta":{"desktop":{"background-color":"var(--ast-global-color-5)","background-image":"","background-repeat":"repeat","background-position":"center center","background-size":"auto","background-attachment":"scroll","background-type":"","background-media":"","overlay-type":"","overlay-color":"","overlay-opacity":"","overlay-gradient":""},"tablet":{"background-color":"var(--ast-global-color-5)","background-image":"","background-repeat":"repeat","background-position":"center center","background-size":"auto","background-attachment":"scroll","background-type":"","background-media":"","overlay-type":"","overlay-color":"","overlay-opacity":"","overlay-gradient":""},"mobile":{"background-color":"var(--ast-global-color-5)","background-image":"","background-repeat":"repeat","background-position":"center center","background-size":"auto","background-attachment":"scroll","background-type":"","background-media":"","overlay-type":"","overlay-color":"","overlay-opacity":"","overlay-gradient":""}},"footnotes":""},"class_list":["post-5374","page","type-page","status-publish","hentry"],"jetpack_sharing_enabled":true,"_links":{"self":[{"href":"https:\/\/www.figueroafinancial.com\/es\/wp-json\/wp\/v2\/pages\/5374","targetHints":{"allow":["GET"]}}],"collection":[{"href":"https:\/\/www.figueroafinancial.com\/es\/wp-json\/wp\/v2\/pages"}],"about":[{"href":"https:\/\/www.figueroafinancial.com\/es\/wp-json\/wp\/v2\/types\/page"}],"author":[{"embeddable":true,"href":"https:\/\/www.figueroafinancial.com\/es\/wp-json\/wp\/v2\/users\/1"}],"replies":[{"embeddable":true,"href":"https:\/\/www.figueroafinancial.com\/es\/wp-json\/wp\/v2\/comments?post=5374"}],"version-history":[{"count":5,"href":"https:\/\/www.figueroafinancial.com\/es\/wp-json\/wp\/v2\/pages\/5374\/revisions"}],"predecessor-version":[{"id":17061,"href":"https:\/\/www.figueroafinancial.com\/es\/wp-json\/wp\/v2\/pages\/5374\/revisions\/17061"}],"wp:attachment":[{"href":"https:\/\/www.figueroafinancial.com\/es\/wp-json\/wp\/v2\/media?parent=5374"}],"curies":[{"name":"wp","href":"https:\/\/api.w.org\/{rel}","templated":true}]}}