{"id":5395,"date":"2013-06-12T17:07:47","date_gmt":"2013-07-06T21:32:09","guid":{"rendered":"http:\/\/www.figueroafinancial.com\/?page_id=5395"},"modified":"2021-03-05T06:55:27","modified_gmt":"2021-03-05T12:55:27","slug":"referencias-adicionales","status":"publish","type":"page","link":"https:\/\/www.figueroafinancial.com\/es\/recursos\/referencias-adicionales\/","title":{"rendered":"Referencias Adicionales"},"content":{"rendered":"<h2>Dave Ramsey<\/h2>\n<ul>\n<li><a title=\"The Baby Steps\" href=\"http:\/\/www.daveramsey.com\/new\/baby-steps\/\" target=\"_blank\" rel=\"noopener\">Los Siete Pasitos<\/a><\/li>\n<li><a title=\"Dave Ramsey's Guide to Budgeting\" href=\"http:\/\/www.daveramsey.com\/blog\/free-download-budgeting-guide\">Guia Prespuestaria<\/a><\/li>\n<li><a title=\"Dave Ramsey's Home Buyer Guide\" href=\"http:\/\/www.daveramsey.com\/blog\/free-download-dave-ramseys-homebuyer-guide\">Guia Para Compra de Hogar<\/a><\/li>\n<li><a title=\"Dave Ramsey's Custom College Guide\" href=\"http:\/\/www.daveramsey.com\/tools\/college-guide\/\">Guia para Gastos de Universidad<\/a><\/li>\n<li><a title=\"Dave Ramsey's Roth IRA Starter Guide\" href=\"http:\/\/www.daveramsey.com\/elp\/roth-ira-starter-guide?et_cid=2481039&amp;et_rid=0&amp;linkid=\">Guia Inicial para Roth IRA<\/a><\/li>\n<\/ul>\n<h2>La Biblia y el Dinero<\/h2>\n<ul>\n<li><a title=\"What does the Bible say about money?\" href=\"http:\/\/www.daveramsey.com\/church\/scriptures\/ictid\/church1\/\">\u00bfQu\u00e9 tiene la Biblia que decir sobre el dinero?<\/a><\/li>\n<li><a title=\"The Bible on Money\" href=\"http:\/\/www.compass1.org\/the-bible-on-money\/\">La Biblia y el Dinero<\/a><\/li>\n<\/ul>\n<h2>T\u00fa y el Cr\u00e9dito<\/h2>\n<ul>\n<li><a href=\"http:\/\/www.figueroafinancial.com\/wp-content\/uploads\/2011\/01\/Credit-Report-Information.pdf\">T\u00fa y tu Informe de Cr\u00e9dito<\/a>\n<ul>\n<li>La ley federal, Fair Credit Reporting Act (FCRA) requiere a las agencias de cr\u00e9dito a nivel nacional que provean a los consumidores que lo soliciten un informe de cr\u00e9dito personal gratis en un per\u00edodo de 12 meses.<\/li>\n<li>Puedes ponerte en contacto con la fuente central en a traves del Internet<a href=\"https:\/\/www.annualcreditreport.com\/cra\/index.jsp\">: www.annualcreditreport.com<\/a>.<\/li>\n<\/ul>\n<\/li>\n<li><a href=\"http:\/\/www.consumidor.ftc.gov\/articulos\/s0155-informes-de-credito-gratuitos\">Ley de Informe Imparcial de Cr\u00e9dito<\/a><\/li>\n<\/ul>\n","protected":false},"excerpt":{"rendered":"<p>Dave Ramsey Los Siete Pasitos Guia Prespuestaria Guia Para Compra de Hogar Guia para Gastos de Universidad Guia Inicial para Roth IRA La Biblia y el Dinero \u00bfQu\u00e9 tiene la Biblia que decir sobre el dinero? La Biblia y el Dinero T\u00fa y el Cr\u00e9dito T\u00fa y tu Informe de Cr\u00e9dito La ley federal, Fair [&hellip;]<\/p>\n","protected":false},"author":1,"featured_media":0,"parent":5374,"menu_order":1,"comment_status":"closed","ping_status":"closed","template":"","meta":{"site-sidebar-layout":"default","site-content-layout":"","ast-site-content-layout":"default","site-content-style":"default","site-sidebar-style":"default","ast-global-header-display":"","ast-banner-title-visibility":"","ast-main-header-display":"","ast-hfb-above-header-display":"","ast-hfb-below-header-display":"","ast-hfb-mobile-header-display":"","site-post-title":"","ast-breadcrumbs-content":"","ast-featured-img":"","footer-sml-layout":"","ast-disable-related-posts":"","theme-transparent-header-meta":"","adv-header-id-meta":"","stick-header-meta":"","header-above-stick-meta":"","header-main-stick-meta":"","header-below-stick-meta":"","astra-migrate-meta-layouts":"default","ast-page-background-enabled":"default","ast-page-background-meta":{"desktop":{"background-color":"","background-image":"","background-repeat":"repeat","background-position":"center center","background-size":"auto","background-attachment":"scroll","background-type":"","background-media":"","overlay-type":"","overlay-color":"","overlay-opacity":"","overlay-gradient":""},"tablet":{"background-color":"","background-image":"","background-repeat":"repeat","background-position":"center center","background-size":"auto","background-attachment":"scroll","background-type":"","background-media":"","overlay-type":"","overlay-color":"","overlay-opacity":"","overlay-gradient":""},"mobile":{"background-color":"","background-image":"","background-repeat":"repeat","background-position":"center center","background-size":"auto","background-attachment":"scroll","background-type":"","background-media":"","overlay-type":"","overlay-color":"","overlay-opacity":"","overlay-gradient":""}},"ast-content-background-meta":{"desktop":{"background-color":"var(--ast-global-color-5)","background-image":"","background-repeat":"repeat","background-position":"center center","background-size":"auto","background-attachment":"scroll","background-type":"","background-media":"","overlay-type":"","overlay-color":"","overlay-opacity":"","overlay-gradient":""},"tablet":{"background-color":"var(--ast-global-color-5)","background-image":"","background-repeat":"repeat","background-position":"center center","background-size":"auto","background-attachment":"scroll","background-type":"","background-media":"","overlay-type":"","overlay-color":"","overlay-opacity":"","overlay-gradient":""},"mobile":{"background-color":"var(--ast-global-color-5)","background-image":"","background-repeat":"repeat","background-position":"center center","background-size":"auto","background-attachment":"scroll","background-type":"","background-media":"","overlay-type":"","overlay-color":"","overlay-opacity":"","overlay-gradient":""}},"footnotes":""},"class_list":["post-5395","page","type-page","status-publish","hentry"],"jetpack_sharing_enabled":true,"_links":{"self":[{"href":"https:\/\/www.figueroafinancial.com\/es\/wp-json\/wp\/v2\/pages\/5395","targetHints":{"allow":["GET"]}}],"collection":[{"href":"https:\/\/www.figueroafinancial.com\/es\/wp-json\/wp\/v2\/pages"}],"about":[{"href":"https:\/\/www.figueroafinancial.com\/es\/wp-json\/wp\/v2\/types\/page"}],"author":[{"embeddable":true,"href":"https:\/\/www.figueroafinancial.com\/es\/wp-json\/wp\/v2\/users\/1"}],"replies":[{"embeddable":true,"href":"https:\/\/www.figueroafinancial.com\/es\/wp-json\/wp\/v2\/comments?post=5395"}],"version-history":[{"count":4,"href":"https:\/\/www.figueroafinancial.com\/es\/wp-json\/wp\/v2\/pages\/5395\/revisions"}],"predecessor-version":[{"id":16082,"href":"https:\/\/www.figueroafinancial.com\/es\/wp-json\/wp\/v2\/pages\/5395\/revisions\/16082"}],"up":[{"embeddable":true,"href":"https:\/\/www.figueroafinancial.com\/es\/wp-json\/wp\/v2\/pages\/5374"}],"wp:attachment":[{"href":"https:\/\/www.figueroafinancial.com\/es\/wp-json\/wp\/v2\/media?parent=5395"}],"curies":[{"name":"wp","href":"https:\/\/api.w.org\/{rel}","templated":true}]}}