{"id":6365,"date":"2014-05-11T19:28:43","date_gmt":"2014-05-05T01:19:14","guid":{"rendered":"http:\/\/www.figueroafinancial.com\/?page_id=6365"},"modified":"2017-02-25T15:18:29","modified_gmt":"2017-02-25T21:18:29","slug":"podcast-ayuda-y-esperanza-para-tus-finanzas","status":"publish","type":"page","link":"https:\/\/www.figueroafinancial.com\/es\/podcast-ayuda-y-esperanza-para-tus-finanzas\/","title":{"rendered":"Podcast"},"content":{"rendered":"<p><a href=\"http:\/\/www.figueroafinancial.com\/wp-content\/uploads\/2014\/05\/Podcast-Figueroa-Financial-Logo-Large-Sep-27-V2-Small.jpg\"><img loading=\"lazy\" decoding=\"async\" class=\"alignleft wp-image-12523\" src=\"http:\/\/www.figueroafinancial.com\/wp-content\/uploads\/2014\/05\/Podcast-Figueroa-Financial-Logo-Large-Sep-27-V2-Small.jpg\" alt=\"Podcast Figueroa Financial Logo Large Sep 27 V2 Small\" width=\"225\" height=\"225\" srcset=\"https:\/\/www.figueroafinancial.com\/wp-content\/uploads\/2014\/05\/Podcast-Figueroa-Financial-Logo-Large-Sep-27-V2-Small.jpg 375w, https:\/\/www.figueroafinancial.com\/wp-content\/uploads\/2014\/05\/Podcast-Figueroa-Financial-Logo-Large-Sep-27-V2-Small-150x150.jpg 150w, https:\/\/www.figueroafinancial.com\/wp-content\/uploads\/2014\/05\/Podcast-Figueroa-Financial-Logo-Large-Sep-27-V2-Small-300x300.jpg 300w, https:\/\/www.figueroafinancial.com\/wp-content\/uploads\/2014\/05\/Podcast-Figueroa-Financial-Logo-Large-Sep-27-V2-Small-144x144.jpg 144w\" sizes=\"auto, (max-width: 225px) 100vw, 225px\" \/><\/a>Mi Podcast: \u201c<span style=\"color: #008000;\"><b><i>Ayuda y Esperanza para Tus Finanzas<\/i><\/b><\/span>\u201d est\u00e1 disponible.<\/p>\n<p>Mi gran\u00a0<span style=\"color: #008000;\"><em><strong>pasi\u00f3n<\/strong>\u00a0<\/em><\/span>es ayudarte a ganar con tu dinero, a tener gran \u00e9xito con tus finanzas. Y ese es el tema de este Podcast: ofrecerte ayuda y esperanza para tus finanzas.<\/p>\n<p>El Podcast tiene m\u00e1s de <span style=\"color: #008000;\"><strong>100<\/strong><\/span> episodios en los que discuto\u00a0c\u00f3mo vivir dentro de un presupuesto, como salir de las deudas, como ahorrar para emergencias y para el futuro.<\/p>\n<p>Tambi\u00e9n discuto c\u00f3mo podemos ayudar a otras una vez nuestra situaci\u00f3n financiera esta sobre control. Vamos a hablar del dinero y de las relaciones y el dinero, especialmente en el matrimonio.<\/p>\n<p>En este Podcast, voy a compartir contigo consejos y ense\u00f1anzas basadas en lo que ha Dios ha provisto en Su Palabra para el manejo del dinero.<\/p>\n<p>Puedes suscribirte al Podcast en <span style=\"color: #008000;\"><strong>iTunes<\/strong><\/span>\u00a0o <strong><span style=\"color: #008000;\">Stitcher<\/span><\/strong> presionando los botones que siguen:<\/p>\n<p><a title=\"Suscr\u00edbete al Podcast en iTunes.\" href=\"itms:\/\/itunes.apple.com\/us\/podcast\/ayuda-y-esperanza-para-tus\/id717724952?mt=2\" target=\"_blank\"><img loading=\"lazy\" decoding=\"async\" class=\"size-full wp-image-7024 alignleft\" src=\"http:\/\/www.figueroafinancial.com\/wp-content\/uploads\/2014\/03\/Subscribe-to-Podcast-iTunes3.jpg\" alt=\"Subscribe to the Podcast in iTunes\" width=\"225\" height=\"27\" \/><\/a><\/p>\n<h2><a title=\"Suscr\u00edbete al Podcast en Stitcher.\" href=\"http:\/\/www.stitcher.com\/podcast\/figueroa-financial\/ayuda-y-esperanza-para-tus-finanzas?refid=stpr\" target=\"_blank\"><img loading=\"lazy\" decoding=\"async\" class=\"alignleft size-full wp-image-7026\" src=\"http:\/\/www.figueroafinancial.com\/wp-content\/uploads\/2014\/03\/Subscribe-to-Podcast-Stitcher1.jpg\" alt=\"Subscribe to the Podcast in Stitcher\" width=\"225\" height=\"26\" \/><\/a><\/h2>\n<p>Puedes escucharlo tambi\u00e9n en <a href=\"http:\/\/poddirectory.com\/podcast\/94514\/ayuda-y-esperanza-para-tus-finanzas\" target=\"_blank\">Poddirectory<\/a>.<\/p>\n<h2><em>Ejemplos de Episodios<\/em><\/h2>\n<p>Aqu\u00ed tambi\u00e9n incluyo los <strong><span style=\"color: #008000;\"><em>10 Episodios M\u00e1s Populares<\/em><\/span><\/strong>:<\/p>\n<ul>\n<li><a title=\"10 Preguntas Sobre La Mayordom\u00eda: Parte I\" href=\"http:\/\/www.figueroafinancial.com\/es\/2014\/01\/14\/10-preguntas-sobre-la-mayordomia-parte-i\/\">10 Preguntas Sobre La Mayordom\u00eda (Parte I)<\/a><\/li>\n<li><a title=\"10 Preguntas Sobre La Mayordom\u00eda: Parte II\" href=\"http:\/\/www.figueroafinancial.com\/es\/2014\/01\/21\/10-preguntas-sobre-la-mayordomia-parte-ii\/\">10 Preguntas Sobre La Mayordom\u00eda (Parte II)<\/a><\/li>\n<li><a title=\"Cu\u00eddate de Estos 3 Rompe-Presupuestos [Podcast]\" href=\"http:\/\/www.figueroafinancial.com\/es\/2014\/03\/25\/cuidate-de-estos-3-rompe-presupuestos-podcast\/\">Cu\u00eddate de Estos 3 Rompe-Presupuestos<\/a><\/li>\n<li><a title=\"S\u00ed, Puedes Vivir Sin Tarjetas de Cr\u00e9dito\" href=\"http:\/\/www.figueroafinancial.com\/es\/2014\/04\/01\/si-puedes-vivir-sin-tarjetas-de-credito\/\">S\u00ed, Puedes Vivir sin Tarjetas de Cr\u00e9dito<\/a><\/li>\n<li><a title=\"Prioridades en tu Presupuesto: Protege las 4 Paredes\" href=\"http:\/\/www.figueroafinancial.com\/es\/2014\/04\/08\/prioridades-en-tu-presupuesto-protege-las-4-paredes\/\">Prioridades en tu Presupuesto: Protege las 4 Paredes<\/a><\/li>\n<li><a title=\"La Vida Despu\u00e9s de las Deudas\" href=\"http:\/\/www.figueroafinancial.com\/es\/2014\/04\/15\/la-vida-despues-de-las-deudas\/\" target=\"_blank\">La Vida Despu\u00e9s de las Deudas<\/a><\/li>\n<li><a title=\"El Ingrediente Secreto Para El \u00c9xito Con Tus Finanzas\" href=\"http:\/\/www.figueroafinancial.com\/es\/2014\/05\/11\/el-ingrediente-secreto-para-el-exito-con-tus-finanzas\/\" target=\"_blank\">El Ingrediente Secreto Para El Exito Con Tus Finanzas<\/a><\/li>\n<li><a title=\"El Gran Poder del Enfoque en Tus Finanzas Personales\" href=\"http:\/\/www.figueroafinancial.com\/es\/2014\/05\/13\/el-gran-poder-del-enfoque-en-tus-finanzas-personales\/\" target=\"_blank\">El Gran Poder del Enfoque en Tus Finanzas Personales<\/a><\/li>\n<li><a title=\"\u00bfQu\u00e9 Hago Cuando No Tengo Suficiente Dinero Para Pagar Mis Cuentas?\" href=\"http:\/\/www.figueroafinancial.com\/es\/2014\/05\/20\/que-hago-cuando-tengo-suficiente-dinero-para-pagar-mis-cuentas\/\" target=\"_blank\">\u00bfQu\u00e9 Hago Cuando No Tengo Suficiente Dinero Para Pagar Mis Cuentas?<\/a><\/li>\n<li><a title=\"La Gratitud: El Secreto del Contentamiento\" href=\"http:\/\/www.figueroafinancial.com\/es\/2014\/05\/27\/la-gratitud-el-secreto-del-contentamiento\/\" target=\"_blank\">La Gratitud: El Secreto del Contentamiento<\/a><\/li>\n<\/ul>\n<p style=\"text-align: center;\"><span style=\"color: #008000;\"><em><strong>No te lo pierdas, riega la voz y recuerda que siempre hay \u00a1Ayuda y Esperanza para Tus Finanzas!<\/strong><\/em><\/span><\/p>\n","protected":false},"excerpt":{"rendered":"<p>Mi Podcast: \u201cAyuda y Esperanza para Tus Finanzas\u201d est\u00e1 disponible. Mi gran\u00a0pasi\u00f3n\u00a0es ayudarte a ganar con tu dinero, a tener gran \u00e9xito con tus finanzas. Y ese es el tema de este Podcast: ofrecerte ayuda y esperanza para tus finanzas. El Podcast tiene m\u00e1s de 100 episodios en los que discuto\u00a0c\u00f3mo vivir dentro de un [&hellip;]<\/p>\n","protected":false},"author":1,"featured_media":0,"parent":0,"menu_order":5,"comment_status":"closed","ping_status":"closed","template":"","meta":{"site-sidebar-layout":"default","site-content-layout":"","ast-site-content-layout":"default","site-content-style":"default","site-sidebar-style":"default","ast-global-header-display":"","ast-banner-title-visibility":"","ast-main-header-display":"","ast-hfb-above-header-display":"","ast-hfb-below-header-display":"","ast-hfb-mobile-header-display":"","site-post-title":"","ast-breadcrumbs-content":"","ast-featured-img":"","footer-sml-layout":"","ast-disable-related-posts":"","theme-transparent-header-meta":"","adv-header-id-meta":"","stick-header-meta":"","header-above-stick-meta":"","header-main-stick-meta":"","header-below-stick-meta":"","astra-migrate-meta-layouts":"default","ast-page-background-enabled":"default","ast-page-background-meta":{"desktop":{"background-color":"","background-image":"","background-repeat":"repeat","background-position":"center center","background-size":"auto","background-attachment":"scroll","background-type":"","background-media":"","overlay-type":"","overlay-color":"","overlay-opacity":"","overlay-gradient":""},"tablet":{"background-color":"","background-image":"","background-repeat":"repeat","background-position":"center center","background-size":"auto","background-attachment":"scroll","background-type":"","background-media":"","overlay-type":"","overlay-color":"","overlay-opacity":"","overlay-gradient":""},"mobile":{"background-color":"","background-image":"","background-repeat":"repeat","background-position":"center center","background-size":"auto","background-attachment":"scroll","background-type":"","background-media":"","overlay-type":"","overlay-color":"","overlay-opacity":"","overlay-gradient":""}},"ast-content-background-meta":{"desktop":{"background-color":"var(--ast-global-color-5)","background-image":"","background-repeat":"repeat","background-position":"center center","background-size":"auto","background-attachment":"scroll","background-type":"","background-media":"","overlay-type":"","overlay-color":"","overlay-opacity":"","overlay-gradient":""},"tablet":{"background-color":"var(--ast-global-color-5)","background-image":"","background-repeat":"repeat","background-position":"center center","background-size":"auto","background-attachment":"scroll","background-type":"","background-media":"","overlay-type":"","overlay-color":"","overlay-opacity":"","overlay-gradient":""},"mobile":{"background-color":"var(--ast-global-color-5)","background-image":"","background-repeat":"repeat","background-position":"center center","background-size":"auto","background-attachment":"scroll","background-type":"","background-media":"","overlay-type":"","overlay-color":"","overlay-opacity":"","overlay-gradient":""}},"footnotes":""},"class_list":["post-6365","page","type-page","status-publish","hentry"],"jetpack_sharing_enabled":true,"_links":{"self":[{"href":"https:\/\/www.figueroafinancial.com\/es\/wp-json\/wp\/v2\/pages\/6365","targetHints":{"allow":["GET"]}}],"collection":[{"href":"https:\/\/www.figueroafinancial.com\/es\/wp-json\/wp\/v2\/pages"}],"about":[{"href":"https:\/\/www.figueroafinancial.com\/es\/wp-json\/wp\/v2\/types\/page"}],"author":[{"embeddable":true,"href":"https:\/\/www.figueroafinancial.com\/es\/wp-json\/wp\/v2\/users\/1"}],"replies":[{"embeddable":true,"href":"https:\/\/www.figueroafinancial.com\/es\/wp-json\/wp\/v2\/comments?post=6365"}],"version-history":[{"count":5,"href":"https:\/\/www.figueroafinancial.com\/es\/wp-json\/wp\/v2\/pages\/6365\/revisions"}],"predecessor-version":[{"id":12915,"href":"https:\/\/www.figueroafinancial.com\/es\/wp-json\/wp\/v2\/pages\/6365\/revisions\/12915"}],"wp:attachment":[{"href":"https:\/\/www.figueroafinancial.com\/es\/wp-json\/wp\/v2\/media?parent=6365"}],"curies":[{"name":"wp","href":"https:\/\/api.w.org\/{rel}","templated":true}]}}